{"id":138,"date":"2022-03-06T20:58:07","date_gmt":"2022-03-06T19:58:07","guid":{"rendered":"https:\/\/skijalista.me\/?page_id=138"},"modified":"2022-03-15T08:50:17","modified_gmt":"2022-03-15T07:50:17","slug":"cmiljaca","status":"publish","type":"page","link":"https:\/\/skijalista.me\/en\/ski-centers\/cmiljaca\/","title":{"rendered":"Cmilja\u010da"},"content":{"rendered":"\t\t<div data-elementor-type=\"wp-page\" data-elementor-id=\"138\" class=\"elementor elementor-138\">\n\t\t\t\t\t\t<section class=\"elementor-section elementor-top-section elementor-element elementor-element-a0f0702 elementor-section-height-min-height elementor-section-items-bottom elementor-section-boxed elementor-section-height-default\" data-id=\"a0f0702\" data-element_type=\"section\" data-settings=\"{&quot;background_background&quot;:&quot;classic&quot;,&quot;jet_parallax_layout_list&quot;:[]}\">\n\t\t\t\t\t\t\t<div class=\"elementor-background-overlay\"><\/div>\n\t\t\t\t\t\t\t<div class=\"elementor-container elementor-column-gap-wide\">\n\t\t\t\t\t<div class=\"elementor-column elementor-col-100 elementor-top-column elementor-element elementor-element-211057a\" data-id=\"211057a\" data-element_type=\"column\">\n\t\t\t<div class=\"elementor-widget-wrap elementor-element-populated\">\n\t\t\t\t\t\t\t<\/div>\n\t\t<\/div>\n\t\t\t\t\t<\/div>\n\t\t<\/section>\n\t\t\t\t<section class=\"elementor-section elementor-top-section elementor-element elementor-element-faabc20 elementor-section-boxed elementor-section-height-default elementor-section-height-default\" data-id=\"faabc20\" data-element_type=\"section\" data-settings=\"{&quot;jet_parallax_layout_list&quot;:[]}\">\n\t\t\t\t\t\t<div class=\"elementor-container elementor-column-gap-wide\">\n\t\t\t\t\t<div class=\"elementor-column elementor-col-50 elementor-top-column elementor-element elementor-element-bd75e56\" data-id=\"bd75e56\" data-element_type=\"column\">\n\t\t\t<div class=\"elementor-widget-wrap elementor-element-populated\">\n\t\t\t\t\t\t<div class=\"elementor-element elementor-element-be6263c elementor-widget elementor-widget-image\" data-id=\"be6263c\" data-element_type=\"widget\" data-widget_type=\"image.default\">\n\t\t\t\t<div class=\"elementor-widget-container\">\n\t\t\t\t\t\t\t\t\t\t\t\t\t\t\t<img fetchpriority=\"high\" decoding=\"async\" width=\"1920\" height=\"1280\" src=\"https:\/\/skijalista.me\/wp-content\/uploads\/cmiljaa-nov19bc.jpeg\" class=\"attachment-full size-full wp-image-1821\" alt=\"\" srcset=\"https:\/\/skijalista.me\/wp-content\/uploads\/cmiljaa-nov19bc.jpeg 1920w, https:\/\/skijalista.me\/wp-content\/uploads\/cmiljaa-nov19bc-600x400.jpeg 600w, https:\/\/skijalista.me\/wp-content\/uploads\/cmiljaa-nov19bc-1024x683.jpeg 1024w, https:\/\/skijalista.me\/wp-content\/uploads\/cmiljaa-nov19bc-768x512.jpeg 768w, https:\/\/skijalista.me\/wp-content\/uploads\/cmiljaa-nov19bc-1536x1024.jpeg 1536w\" sizes=\"(max-width: 1920px) 100vw, 1920px\" \/>\t\t\t\t\t\t\t\t\t\t\t\t\t\t\t<\/div>\n\t\t\t\t<\/div>\n\t\t\t\t<div class=\"elementor-element elementor-element-cbfbfe9 elementor-widget elementor-widget-text-editor\" data-id=\"cbfbfe9\" data-element_type=\"widget\" data-widget_type=\"text-editor.default\">\n\t\t\t\t<div class=\"elementor-widget-container\">\n\t\t\t\t\t\t\t\t\t<p>Cmilja\u010da is a katun (summer cottage) on Mount Bjelasica, after which this future ski center Cmilja\u010da was named. The base area of the future ski center is at an elevation of 1,570 m and is located 14 km from the town of Bijelo Polje. Cmilja\u010da is the third state ski resort being built in the series of planned new ski centers. This ski center will also be managed by the Ski Resorts of Montenegro. The opening of ski center Cmilja\u010da will completely change the image of Bijelo Polje, not only as a new tourist destination but also by valorizing the agricultural resources of the Bjelasica Mountain. The linking of Cmilja\u010da ski center with the \u017darski ski center in Mojkovac along with the Kola\u0161in 1600 and Kola\u0161in 1450 ski centers in Kola\u0161in, will contribute to making the north of Montenegro become a renowned tourism destination for both winter and summer mountain tourism.<\/p>\t\t\t\t\t\t\t\t<\/div>\n\t\t\t\t<\/div>\n\t\t\t\t\t<\/div>\n\t\t<\/div>\n\t\t\t\t<div class=\"elementor-column elementor-col-50 elementor-top-column elementor-element elementor-element-f391616\" data-id=\"f391616\" data-element_type=\"column\">\n\t\t\t<div class=\"elementor-widget-wrap elementor-element-populated\">\n\t\t\t\t\t\t<div class=\"elementor-element elementor-element-b7c7c03 elementor-widget elementor-widget-image\" data-id=\"b7c7c03\" data-element_type=\"widget\" data-widget_type=\"image.default\">\n\t\t\t\t<div class=\"elementor-widget-container\">\n\t\t\t\t\t\t\t\t\t\t\t\t\t\t\t<img decoding=\"async\" width=\"1920\" height=\"1280\" src=\"https:\/\/skijalista.me\/wp-content\/uploads\/cmiljaca.jpg\" class=\"attachment-full size-full wp-image-2158\" alt=\"\" srcset=\"https:\/\/skijalista.me\/wp-content\/uploads\/cmiljaca.jpg 1920w, https:\/\/skijalista.me\/wp-content\/uploads\/cmiljaca-600x400.jpg 600w, https:\/\/skijalista.me\/wp-content\/uploads\/cmiljaca-1024x683.jpg 1024w, https:\/\/skijalista.me\/wp-content\/uploads\/cmiljaca-768x512.jpg 768w, https:\/\/skijalista.me\/wp-content\/uploads\/cmiljaca-1536x1024.jpg 1536w\" sizes=\"(max-width: 1920px) 100vw, 1920px\" \/>\t\t\t\t\t\t\t\t\t\t\t\t\t\t\t<\/div>\n\t\t\t\t<\/div>\n\t\t\t\t<div class=\"elementor-element elementor-element-8290d11 elementor-widget elementor-widget-text-editor\" data-id=\"8290d11\" data-element_type=\"widget\" data-widget_type=\"text-editor.default\">\n\t\t\t\t<div class=\"elementor-widget-container\">\n\t\t\t\t\t\t\t\t\t<p>Construction works are underway at the future ski center Cmilja\u010da: six-seated detachable cable car Z7 by the Italian manufacturer \u201cLeitner\u201d, new ski trails, a base station facility (restaurant, caf\u00e9 bar, ski rental, ambulance, outbuildings, public toilets\u2026). Four hotels and 22 bungalows are planned to be built in the base resort area of the Cmilja\u010da ski center. There is also a mountain hut within this ski center, which is available for hikers, vacationers, and all tourists who choose to visit Bjelasica. This mountain hut is also an ideal place for school visits, as part of extracurricular activities in nature, for visits to sports clubs, for altitude training, as well for all other nature lovers.<\/p>\t\t\t\t\t\t\t\t<\/div>\n\t\t\t\t<\/div>\n\t\t\t\t\t<\/div>\n\t\t<\/div>\n\t\t\t\t\t<\/div>\n\t\t<\/section>\n\t\t\t\t<\/div>\n\t\t","protected":false},"excerpt":{"rendered":"<p>Cmilja\u010da is a katun (summer cottage) on Mount Bjelasica, after which this future ski center Cmilja\u010da was named. The base area of the future ski center is at an elevation of 1,570 m and is located 14 km from the town of Bijelo Polje. Cmilja\u010da is the third state ski resort being built in the [&hellip;]<\/p>\n","protected":false},"author":1,"featured_media":0,"parent":25,"menu_order":0,"comment_status":"closed","ping_status":"closed","template":"elementor_header_footer","meta":{"_acf_changed":false,"_seopress_robots_primary_cat":"","_seopress_titles_title":"","_seopress_titles_desc":"","_seopress_robots_index":"","footnotes":""},"class_list":["post-138","page","type-page","status-publish","hentry"],"acf":[],"_links":{"self":[{"href":"https:\/\/skijalista.me\/en\/wp-json\/wp\/v2\/pages\/138","targetHints":{"allow":["GET"]}}],"collection":[{"href":"https:\/\/skijalista.me\/en\/wp-json\/wp\/v2\/pages"}],"about":[{"href":"https:\/\/skijalista.me\/en\/wp-json\/wp\/v2\/types\/page"}],"author":[{"embeddable":true,"href":"https:\/\/skijalista.me\/en\/wp-json\/wp\/v2\/users\/1"}],"replies":[{"embeddable":true,"href":"https:\/\/skijalista.me\/en\/wp-json\/wp\/v2\/comments?post=138"}],"version-history":[{"count":0,"href":"https:\/\/skijalista.me\/en\/wp-json\/wp\/v2\/pages\/138\/revisions"}],"up":[{"embeddable":true,"href":"https:\/\/skijalista.me\/en\/wp-json\/wp\/v2\/pages\/25"}],"wp:attachment":[{"href":"https:\/\/skijalista.me\/en\/wp-json\/wp\/v2\/media?parent=138"}],"curies":[{"name":"wp","href":"https:\/\/api.w.org\/{rel}","templated":true}]}}