{"id":2301,"date":"2022-05-11T13:13:24","date_gmt":"2022-05-11T11:13:24","guid":{"rendered":"https:\/\/skijalista.me\/?page_id=2301"},"modified":"2022-06-13T07:42:51","modified_gmt":"2022-06-13T05:42:51","slug":"jeep-safari","status":"publish","type":"page","link":"https:\/\/skijalista.me\/en\/activities\/jeep-safari\/","title":{"rendered":"Jeep Safari"},"content":{"rendered":"\t\t<div data-elementor-type=\"wp-page\" data-elementor-id=\"2301\" class=\"elementor elementor-2301\">\n\t\t\t\t\t\t<section class=\"elementor-section elementor-top-section elementor-element elementor-element-e8408bd elementor-section-height-min-height elementor-section-items-bottom elementor-section-boxed elementor-section-height-default\" data-id=\"e8408bd\" data-element_type=\"section\" data-settings=\"{&quot;background_background&quot;:&quot;classic&quot;,&quot;jet_parallax_layout_list&quot;:[]}\">\n\t\t\t\t\t\t\t<div class=\"elementor-background-overlay\"><\/div>\n\t\t\t\t\t\t\t<div class=\"elementor-container elementor-column-gap-wide\">\n\t\t\t\t\t<div class=\"elementor-column elementor-col-100 elementor-top-column elementor-element elementor-element-69ac36e\" data-id=\"69ac36e\" data-element_type=\"column\">\n\t\t\t<div class=\"elementor-widget-wrap elementor-element-populated\">\n\t\t\t\t\t\t<div class=\"elementor-element elementor-element-a077972 elementor-widget elementor-widget-heading\" data-id=\"a077972\" data-element_type=\"widget\" data-widget_type=\"heading.default\">\n\t\t\t\t<div class=\"elementor-widget-container\">\n\t\t\t\t\t<h1 class=\"elementor-heading-title elementor-size-default\">Jeep Safari \u2013 Ride through cinematic scenography<\/h1>\t\t\t\t<\/div>\n\t\t\t\t<\/div>\n\t\t\t\t\t<\/div>\n\t\t<\/div>\n\t\t\t\t\t<\/div>\n\t\t<\/section>\n\t\t\t\t<section class=\"elementor-section elementor-top-section elementor-element elementor-element-556aa2a elementor-section-content-middle elementor-section-boxed elementor-section-height-default elementor-section-height-default\" data-id=\"556aa2a\" data-element_type=\"section\" data-settings=\"{&quot;jet_parallax_layout_list&quot;:[]}\">\n\t\t\t\t\t\t<div class=\"elementor-container elementor-column-gap-wide\">\n\t\t\t\t\t<div class=\"elementor-column elementor-col-50 elementor-top-column elementor-element elementor-element-32fa391\" data-id=\"32fa391\" data-element_type=\"column\">\n\t\t\t<div class=\"elementor-widget-wrap elementor-element-populated\">\n\t\t\t\t\t\t<div class=\"elementor-element elementor-element-743f5c6 elementor-widget elementor-widget-text-editor\" data-id=\"743f5c6\" data-element_type=\"widget\" data-widget_type=\"text-editor.default\">\n\t\t\t\t<div class=\"elementor-widget-container\">\n\t\t\t\t\t\t\t\t\t<p>Jeep Safari represents unique experience and exciting ride with terrain vehicles through mountain landscapes. This is amazing way to explore all fantastic areas of Bjelasica mountain. You ride with terrain vehicles along roads that are forgotten and not part of regular roads. Adrenalin boost is behind every curve. Terrain variety, magical sites of nature changing in short span of time, curved roads, macadam roads, forest roads over meadows, hills, through wild beauty, authentic mountain lodges, unhabited areas arise curiosity and adrenalin. Jeep Safari over Bjelasica is attractive and dynamic tour. Ride over mountains with some of side trips in order to see beautiful lakes of Bjelasica mountain: Pe\u0161i\u0107a lake, \u0160i\u0161ko lake, Ursulova\u010dko lake. You will enjoy the view from observation post at the height of 2.000 meters. You will go through National park and Biogradska gora rainforest just to arrive to the Biogradsko lake. Pauses will be used for refreshment, walk, lunch in a village house \u2013 in mountain lodge, photo shooting and enjoyment in charming landscapes of nature.<\/p>\t\t\t\t\t\t\t\t<\/div>\n\t\t\t\t<\/div>\n\t\t\t\t\t<\/div>\n\t\t<\/div>\n\t\t\t\t<div class=\"elementor-column elementor-col-50 elementor-top-column elementor-element elementor-element-5a67c07\" data-id=\"5a67c07\" data-element_type=\"column\">\n\t\t\t<div class=\"elementor-widget-wrap elementor-element-populated\">\n\t\t\t\t\t\t<div class=\"elementor-element elementor-element-e77344d elementor-widget elementor-widget-image\" data-id=\"e77344d\" data-element_type=\"widget\" data-widget_type=\"image.default\">\n\t\t\t\t<div class=\"elementor-widget-container\">\n\t\t\t\t\t\t\t\t\t\t\t\t\t\t\t<img fetchpriority=\"high\" decoding=\"async\" width=\"1920\" height=\"1280\" src=\"https:\/\/skijalista.me\/wp-content\/uploads\/joope_safari_2.jpg\" class=\"attachment-full size-full wp-image-2595\" alt=\"\" srcset=\"https:\/\/skijalista.me\/wp-content\/uploads\/joope_safari_2.jpg 1920w, https:\/\/skijalista.me\/wp-content\/uploads\/joope_safari_2-600x400.jpg 600w, https:\/\/skijalista.me\/wp-content\/uploads\/joope_safari_2-1024x683.jpg 1024w, https:\/\/skijalista.me\/wp-content\/uploads\/joope_safari_2-768x512.jpg 768w, https:\/\/skijalista.me\/wp-content\/uploads\/joope_safari_2-1536x1024.jpg 1536w\" sizes=\"(max-width: 1920px) 100vw, 1920px\" \/>\t\t\t\t\t\t\t\t\t\t\t\t\t\t\t<\/div>\n\t\t\t\t<\/div>\n\t\t\t\t\t<\/div>\n\t\t<\/div>\n\t\t\t\t\t<\/div>\n\t\t<\/section>\n\t\t\t\t<\/div>\n\t\t","protected":false},"excerpt":{"rendered":"<p>Jeep Safari \u2013 Ride through cinematic scenography Jeep Safari represents unique experience and exciting ride with terrain vehicles through mountain landscapes. This is amazing way to explore all fantastic areas of Bjelasica mountain. You ride with terrain vehicles along roads that are forgotten and not part of regular roads. Adrenalin boost is behind every curve. [&hellip;]<\/p>\n","protected":false},"author":1,"featured_media":0,"parent":33,"menu_order":0,"comment_status":"closed","ping_status":"closed","template":"elementor_header_footer","meta":{"_acf_changed":false,"_seopress_robots_primary_cat":"","_seopress_titles_title":"","_seopress_titles_desc":"","_seopress_robots_index":"","footnotes":""},"class_list":["post-2301","page","type-page","status-publish","hentry"],"acf":[],"_links":{"self":[{"href":"https:\/\/skijalista.me\/en\/wp-json\/wp\/v2\/pages\/2301","targetHints":{"allow":["GET"]}}],"collection":[{"href":"https:\/\/skijalista.me\/en\/wp-json\/wp\/v2\/pages"}],"about":[{"href":"https:\/\/skijalista.me\/en\/wp-json\/wp\/v2\/types\/page"}],"author":[{"embeddable":true,"href":"https:\/\/skijalista.me\/en\/wp-json\/wp\/v2\/users\/1"}],"replies":[{"embeddable":true,"href":"https:\/\/skijalista.me\/en\/wp-json\/wp\/v2\/comments?post=2301"}],"version-history":[{"count":0,"href":"https:\/\/skijalista.me\/en\/wp-json\/wp\/v2\/pages\/2301\/revisions"}],"up":[{"embeddable":true,"href":"https:\/\/skijalista.me\/en\/wp-json\/wp\/v2\/pages\/33"}],"wp:attachment":[{"href":"https:\/\/skijalista.me\/en\/wp-json\/wp\/v2\/media?parent=2301"}],"curies":[{"name":"wp","href":"https:\/\/api.w.org\/{rel}","templated":true}]}}