{"id":1990,"date":"2022-03-06T20:58:11","date_gmt":"2022-03-06T19:58:11","guid":{"rendered":"https:\/\/skijalista.me\/zarski\/"},"modified":"2022-03-12T10:28:45","modified_gmt":"2022-03-12T09:28:45","slug":"zarski","status":"publish","type":"page","link":"https:\/\/skijalista.me\/me\/ski-centri\/zarski\/","title":{"rendered":"\u017darski"},"content":{"rendered":"\t\t<div data-elementor-type=\"wp-page\" data-elementor-id=\"1990\" class=\"elementor elementor-1990 elementor-144\">\n\t\t\t\t\t\t<section class=\"elementor-section elementor-top-section elementor-element elementor-element-1826971 elementor-section-height-min-height elementor-section-items-bottom elementor-section-boxed elementor-section-height-default\" data-id=\"1826971\" data-element_type=\"section\" data-settings=\"{&quot;background_background&quot;:&quot;classic&quot;,&quot;jet_parallax_layout_list&quot;:[]}\">\n\t\t\t\t\t\t\t<div class=\"elementor-background-overlay\"><\/div>\n\t\t\t\t\t\t\t<div class=\"elementor-container elementor-column-gap-wide\">\n\t\t\t\t\t<div class=\"elementor-column elementor-col-100 elementor-top-column elementor-element elementor-element-d5af189\" data-id=\"d5af189\" data-element_type=\"column\">\n\t\t\t<div class=\"elementor-widget-wrap elementor-element-populated\">\n\t\t\t\t\t\t\t<\/div>\n\t\t<\/div>\n\t\t\t\t\t<\/div>\n\t\t<\/section>\n\t\t\t\t<section class=\"elementor-section elementor-top-section elementor-element elementor-element-9e797ca elementor-section-boxed elementor-section-height-default elementor-section-height-default\" data-id=\"9e797ca\" data-element_type=\"section\" data-settings=\"{&quot;jet_parallax_layout_list&quot;:[]}\">\n\t\t\t\t\t\t<div class=\"elementor-container elementor-column-gap-wide\">\n\t\t\t\t\t<div class=\"elementor-column elementor-col-50 elementor-top-column elementor-element elementor-element-f6dddcc\" data-id=\"f6dddcc\" data-element_type=\"column\">\n\t\t\t<div class=\"elementor-widget-wrap elementor-element-populated\">\n\t\t\t\t\t\t<div class=\"elementor-element elementor-element-0580e30 elementor-widget elementor-widget-image\" data-id=\"0580e30\" data-element_type=\"widget\" data-widget_type=\"image.default\">\n\t\t\t\t<div class=\"elementor-widget-container\">\n\t\t\t\t\t\t\t\t\t\t\t\t\t\t\t<img fetchpriority=\"high\" decoding=\"async\" width=\"1920\" height=\"1280\" src=\"https:\/\/skijalista.me\/wp-content\/uploads\/zarski_300720_tw1024.jpeg\" class=\"attachment-full size-full wp-image-1817\" alt=\"\" srcset=\"https:\/\/skijalista.me\/wp-content\/uploads\/zarski_300720_tw1024.jpeg 1920w, https:\/\/skijalista.me\/wp-content\/uploads\/zarski_300720_tw1024-600x400.jpeg 600w, https:\/\/skijalista.me\/wp-content\/uploads\/zarski_300720_tw1024-1024x683.jpeg 1024w, https:\/\/skijalista.me\/wp-content\/uploads\/zarski_300720_tw1024-768x512.jpeg 768w, https:\/\/skijalista.me\/wp-content\/uploads\/zarski_300720_tw1024-1536x1024.jpeg 1536w\" sizes=\"(max-width: 1920px) 100vw, 1920px\" \/>\t\t\t\t\t\t\t\t\t\t\t\t\t\t\t<\/div>\n\t\t\t\t<\/div>\n\t\t\t\t<div class=\"elementor-element elementor-element-728bff0 elementor-widget elementor-widget-text-editor\" data-id=\"728bff0\" data-element_type=\"widget\" data-widget_type=\"text-editor.default\">\n\t\t\t\t<div class=\"elementor-widget-container\">\n\t\t\t\t\t\t\t\t\tSki centar \u017darski je drugi u nizu od planiranih ski centara koji se grade u skladu s Prostornim planom posebne namjene za Bjelasicu i Komove. S desne obale rijeke Tare pru\u017ea se masiv Bjelasice s pitomim uzvi\u0161enjima, visokim vrhovima i planinskim izvorima. Administrativno, sjeverozapadni dio Bjelasice pripada mojkova\u010dkoj op\u0161tini. Na ovoj strani Bjelasice, koja je od davnina steci\u0161te planinara iz raznih krajeva, u izgradnji je ski centar \u017darski. Upravo ovaj dio Bjelasice predstavlja i najve\u0107i potencijal za razvoj ski turizma. Najve\u0107a vrijednost ovakvog razvoja Bjelasice jeste u tome \u0161to je rije\u010d o ekolo\u0161ki opravdanim i odr\u017eivim rje\u0161enjima. Na ovom prostoru priroda je napravila sve sama, \u0161to zna\u010di da je konfiguracija terena idealna za izgradnju skija\u0161kih staza.\t\t\t\t\t\t\t\t<\/div>\n\t\t\t\t<\/div>\n\t\t\t\t\t<\/div>\n\t\t<\/div>\n\t\t\t\t<div class=\"elementor-column elementor-col-50 elementor-top-column elementor-element elementor-element-e5af89b\" data-id=\"e5af89b\" data-element_type=\"column\">\n\t\t\t<div class=\"elementor-widget-wrap elementor-element-populated\">\n\t\t\t\t\t\t<div class=\"elementor-element elementor-element-e884a6c elementor-widget elementor-widget-image\" data-id=\"e884a6c\" data-element_type=\"widget\" data-widget_type=\"image.default\">\n\t\t\t\t<div class=\"elementor-widget-container\">\n\t\t\t\t\t\t\t\t\t\t\t\t\t\t\t\t<a href=\"https:\/\/skijalista-731755.ingress-daribow.ewp.live\/wp-content\/uploads\/ZARSKI-CONCEPT.jpg\" data-elementor-open-lightbox=\"yes\" data-elementor-lightbox-title=\"ZARSKI CONCEPT\" data-e-action-hash=\"#elementor-action%3Aaction%3Dlightbox%26settings%3DeyJpZCI6MTYwNCwidXJsIjoiaHR0cHM6XC9cL3NraWphbGlzdGEubWVcL3dwLWNvbnRlbnRcL3VwbG9hZHNcL1pBUlNLSS1DT05DRVBULmpwZyJ9\">\n\t\t\t\t\t\t\t<img decoding=\"async\" width=\"1920\" height=\"1280\" src=\"https:\/\/skijalista.me\/wp-content\/uploads\/ZARSKI-CONCEPT.jpg\" class=\"attachment-full size-full wp-image-1604\" alt=\"\" srcset=\"https:\/\/skijalista.me\/wp-content\/uploads\/ZARSKI-CONCEPT.jpg 1920w, https:\/\/skijalista.me\/wp-content\/uploads\/ZARSKI-CONCEPT-600x400.jpg 600w, https:\/\/skijalista.me\/wp-content\/uploads\/ZARSKI-CONCEPT-1024x683.jpg 1024w, https:\/\/skijalista.me\/wp-content\/uploads\/ZARSKI-CONCEPT-768x512.jpg 768w, https:\/\/skijalista.me\/wp-content\/uploads\/ZARSKI-CONCEPT-1536x1024.jpg 1536w\" sizes=\"(max-width: 1920px) 100vw, 1920px\" \/>\t\t\t\t\t\t\t\t<\/a>\n\t\t\t\t\t\t\t\t\t\t\t\t\t\t\t<\/div>\n\t\t\t\t<\/div>\n\t\t\t\t<div class=\"elementor-element elementor-element-e6c87b8 elementor-widget elementor-widget-text-editor\" data-id=\"e6c87b8\" data-element_type=\"widget\" data-widget_type=\"text-editor.default\">\n\t\t\t\t<div class=\"elementor-widget-container\">\n\t\t\t\t\t\t\t\t\tBudu\u0107e staze prekrivene su travnatim pokriva\u010dem na kome se mo\u017ee skijati i sa svega 15 cm snijega. Njihova ekspozicija i polo\u017eaj, kao i trajanje snije\u017enog pokriva\u010da, u potpunosti zadovoljavaju osnovne turisti\u010dke standarde. Trenutno je u procesu izgradnja \u017ei\u010dare Z-4, Italijanskog proizvo\u0111a\u010da Leitner, izgradnja skija\u0161kih staza, objekata bazne stanice (restoran, kafe-bar, ski-rental, ambulante, ekonomske prostorije, javni toaleti\u2026). U podno\u017eju baznog podru\u010dja ski centra \u017darski predvi\u0111ena je izgradnja 14 hotela i 11 pansionskih hotela apartmanskog tipa. Ovaj ski centar poveza\u0107e se sa ski centrom Cmilja\u010da i na taj na\u010din raspolaga\u0107e sa ukupno 14 \u017ei\u010dara i ski liftova, te 60 km skija\u0161kih staza. Izgradnja ski centra \u017darski budu\u0107nost je razvoja Mojkovca kao turisti\u010dke destinacije i predstavlja okosnicu ekonomskog i privrednog razvoja op\u0161tine.\r\n\t\t\t\t\t\t\t\t<\/div>\n\t\t\t\t<\/div>\n\t\t\t\t\t<\/div>\n\t\t<\/div>\n\t\t\t\t\t<\/div>\n\t\t<\/section>\n\t\t\t\t<\/div>\n\t\t","protected":false},"excerpt":{"rendered":"<p>Ski centar \u017darski je drugi u nizu od planiranih ski centara koji se grade u skladu s Prostornim planom posebne namjene za Bjelasicu i Komove. S desne obale rijeke Tare pru\u017ea se masiv Bjelasice s pitomim uzvi\u0161enjima, visokim vrhovima i planinskim izvorima. Administrativno, sjeverozapadni dio Bjelasice pripada mojkova\u010dkoj op\u0161tini. Na ovoj strani Bjelasice, koja je [&hellip;]<\/p>\n","protected":false},"author":1,"featured_media":0,"parent":2015,"menu_order":0,"comment_status":"closed","ping_status":"closed","template":"elementor_header_footer","meta":{"_acf_changed":false,"_seopress_robots_primary_cat":"","_seopress_titles_title":"","_seopress_titles_desc":"","_seopress_robots_index":"","footnotes":""},"class_list":["post-1990","page","type-page","status-publish","hentry"],"acf":[],"_links":{"self":[{"href":"https:\/\/skijalista.me\/me\/wp-json\/wp\/v2\/pages\/1990","targetHints":{"allow":["GET"]}}],"collection":[{"href":"https:\/\/skijalista.me\/me\/wp-json\/wp\/v2\/pages"}],"about":[{"href":"https:\/\/skijalista.me\/me\/wp-json\/wp\/v2\/types\/page"}],"author":[{"embeddable":true,"href":"https:\/\/skijalista.me\/me\/wp-json\/wp\/v2\/users\/1"}],"replies":[{"embeddable":true,"href":"https:\/\/skijalista.me\/me\/wp-json\/wp\/v2\/comments?post=1990"}],"version-history":[{"count":0,"href":"https:\/\/skijalista.me\/me\/wp-json\/wp\/v2\/pages\/1990\/revisions"}],"up":[{"embeddable":true,"href":"https:\/\/skijalista.me\/me\/wp-json\/wp\/v2\/pages\/2015"}],"wp:attachment":[{"href":"https:\/\/skijalista.me\/me\/wp-json\/wp\/v2\/media?parent=1990"}],"curies":[{"name":"wp","href":"https:\/\/api.w.org\/{rel}","templated":true}]}}