{"id":1992,"date":"2022-03-06T20:59:15","date_gmt":"2022-03-06T19:59:15","guid":{"rendered":"https:\/\/skijalista.me\/torine\/"},"modified":"2022-03-15T08:46:31","modified_gmt":"2022-03-15T07:46:31","slug":"torine","status":"publish","type":"page","link":"https:\/\/skijalista.me\/me\/ski-centri\/torine\/","title":{"rendered":"Torine"},"content":{"rendered":"\t\t<div data-elementor-type=\"wp-page\" data-elementor-id=\"1992\" class=\"elementor elementor-1992 elementor-158\">\n\t\t\t\t\t\t<section class=\"elementor-section elementor-top-section elementor-element elementor-element-223e553 elementor-section-height-min-height elementor-section-items-bottom elementor-section-boxed elementor-section-height-default\" data-id=\"223e553\" data-element_type=\"section\" data-settings=\"{&quot;background_background&quot;:&quot;classic&quot;,&quot;jet_parallax_layout_list&quot;:[]}\">\n\t\t\t\t\t\t\t<div class=\"elementor-background-overlay\"><\/div>\n\t\t\t\t\t\t\t<div class=\"elementor-container elementor-column-gap-wide\">\n\t\t\t\t\t<div class=\"elementor-column elementor-col-100 elementor-top-column elementor-element elementor-element-d0f534b\" data-id=\"d0f534b\" data-element_type=\"column\">\n\t\t\t<div class=\"elementor-widget-wrap elementor-element-populated\">\n\t\t\t\t\t\t\t<\/div>\n\t\t<\/div>\n\t\t\t\t\t<\/div>\n\t\t<\/section>\n\t\t\t\t<section class=\"elementor-section elementor-top-section elementor-element elementor-element-9f3f0c0 elementor-section-boxed elementor-section-height-default elementor-section-height-default\" data-id=\"9f3f0c0\" data-element_type=\"section\" data-settings=\"{&quot;jet_parallax_layout_list&quot;:[]}\">\n\t\t\t\t\t\t<div class=\"elementor-container elementor-column-gap-wide\">\n\t\t\t\t\t<div class=\"elementor-column elementor-col-50 elementor-top-column elementor-element elementor-element-3752b59\" data-id=\"3752b59\" data-element_type=\"column\">\n\t\t\t<div class=\"elementor-widget-wrap elementor-element-populated\">\n\t\t\t\t\t\t<div class=\"elementor-element elementor-element-96170d8 elementor-widget elementor-widget-image\" data-id=\"96170d8\" data-element_type=\"widget\" data-widget_type=\"image.default\">\n\t\t\t\t<div class=\"elementor-widget-container\">\n\t\t\t\t\t\t\t\t\t\t\t\t\t\t\t<img fetchpriority=\"high\" decoding=\"async\" width=\"1920\" height=\"1280\" src=\"https:\/\/skijalista.me\/wp-content\/uploads\/torine.jpg\" class=\"attachment-full size-full wp-image-2143\" alt=\"\" srcset=\"https:\/\/skijalista.me\/wp-content\/uploads\/torine.jpg 1920w, https:\/\/skijalista.me\/wp-content\/uploads\/torine-600x400.jpg 600w, https:\/\/skijalista.me\/wp-content\/uploads\/torine-1024x683.jpg 1024w, https:\/\/skijalista.me\/wp-content\/uploads\/torine-768x512.jpg 768w, https:\/\/skijalista.me\/wp-content\/uploads\/torine-1536x1024.jpg 1536w\" sizes=\"(max-width: 1920px) 100vw, 1920px\" \/>\t\t\t\t\t\t\t\t\t\t\t\t\t\t\t<\/div>\n\t\t\t\t<\/div>\n\t\t\t\t<div class=\"elementor-element elementor-element-49ca3e6 elementor-widget elementor-widget-text-editor\" data-id=\"49ca3e6\" data-element_type=\"widget\" data-widget_type=\"text-editor.default\">\n\t\t\t\t<div class=\"elementor-widget-container\">\n\t\t\t\t\t\t\t\t\tSki centar Torine, podru\u010dje na sjeveroisto\u010dnom dijelu planine Bjelasica, udaljeno je 25 km od grada Bijelo Polje. Ovo mjesto je poznato po najzna\u010dajnijem arheolo\u0161kom nalazi\u0161tu u Crnoj Gori \u2013 Radmanskoj klisuri, sa \u010duvenom zazidanom pe\u0107inom. Prostire se na povr\u0161ini od 1.399 ha, koju karakteri\u0161u talasasti planinski tereni.\t\t\t\t\t\t\t\t<\/div>\n\t\t\t\t<\/div>\n\t\t\t\t\t<\/div>\n\t\t<\/div>\n\t\t\t\t<div class=\"elementor-column elementor-col-50 elementor-top-column elementor-element elementor-element-7218cc0\" data-id=\"7218cc0\" data-element_type=\"column\">\n\t\t\t<div class=\"elementor-widget-wrap elementor-element-populated\">\n\t\t\t\t\t\t<div class=\"elementor-element elementor-element-4f9d94b elementor-widget elementor-widget-image\" data-id=\"4f9d94b\" data-element_type=\"widget\" data-widget_type=\"image.default\">\n\t\t\t\t<div class=\"elementor-widget-container\">\n\t\t\t\t\t\t\t\t\t\t\t\t\t\t\t\t<a href=\"https:\/\/skijalista-731755.ingress-daribow.ewp.live\/wp-content\/uploads\/TORINE-CONCEPT-1.jpg\" data-elementor-open-lightbox=\"yes\" data-elementor-lightbox-title=\"TORINE CONCEPT\" data-e-action-hash=\"#elementor-action%3Aaction%3Dlightbox%26settings%3DeyJpZCI6MTYwOCwidXJsIjoiaHR0cHM6XC9cL3NraWphbGlzdGEubWVcL3dwLWNvbnRlbnRcL3VwbG9hZHNcL1RPUklORS1DT05DRVBULTEuanBnIn0%3D\">\n\t\t\t\t\t\t\t<img decoding=\"async\" width=\"1920\" height=\"1280\" src=\"https:\/\/skijalista.me\/wp-content\/uploads\/TORINE-CONCEPT-1.jpg\" class=\"attachment-full size-full wp-image-1608\" alt=\"\" srcset=\"https:\/\/skijalista.me\/wp-content\/uploads\/TORINE-CONCEPT-1.jpg 1920w, https:\/\/skijalista.me\/wp-content\/uploads\/TORINE-CONCEPT-1-600x400.jpg 600w, https:\/\/skijalista.me\/wp-content\/uploads\/TORINE-CONCEPT-1-1024x683.jpg 1024w, https:\/\/skijalista.me\/wp-content\/uploads\/TORINE-CONCEPT-1-768x512.jpg 768w, https:\/\/skijalista.me\/wp-content\/uploads\/TORINE-CONCEPT-1-1536x1024.jpg 1536w\" sizes=\"(max-width: 1920px) 100vw, 1920px\" \/>\t\t\t\t\t\t\t\t<\/a>\n\t\t\t\t\t\t\t\t\t\t\t\t\t\t\t<\/div>\n\t\t\t\t<\/div>\n\t\t\t\t<div class=\"elementor-element elementor-element-d626fd2 elementor-widget elementor-widget-text-editor\" data-id=\"d626fd2\" data-element_type=\"widget\" data-widget_type=\"text-editor.default\">\n\t\t\t\t<div class=\"elementor-widget-container\">\n\t\t\t\t\t\t\t\t\tOme\u0111eno je na zapadu kanjonom rijeke Bistrice, a na sjeveru i istoku strmim padinama. Budu\u0107e bazno podru\u010dje nalazi se na 1.485 m nadmorske visine. Ovaj ski centar nalazi se u neposrednoj blizini i nastavak je ski centara Cmilja\u010da i \u017darski, a na tom lokalitetu predvi\u0111ena je izgradnja ukupno 14 \u017ei\u010dara i ski liftova, i 60 km skija\u0161kih staza, kao i izgradnja 14 hotela.\t\t\t\t\t\t\t\t<\/div>\n\t\t\t\t<\/div>\n\t\t\t\t\t<\/div>\n\t\t<\/div>\n\t\t\t\t\t<\/div>\n\t\t<\/section>\n\t\t\t\t<\/div>\n\t\t","protected":false},"excerpt":{"rendered":"<p>Ski centar Torine, podru\u010dje na sjeveroisto\u010dnom dijelu planine Bjelasica, udaljeno je 25 km od grada Bijelo Polje. Ovo mjesto je poznato po najzna\u010dajnijem arheolo\u0161kom nalazi\u0161tu u Crnoj Gori \u2013 Radmanskoj klisuri, sa \u010duvenom zazidanom pe\u0107inom. Prostire se na povr\u0161ini od 1.399 ha, koju karakteri\u0161u talasasti planinski tereni. Ome\u0111eno je na zapadu kanjonom rijeke Bistrice, a [&hellip;]<\/p>\n","protected":false},"author":1,"featured_media":0,"parent":2015,"menu_order":0,"comment_status":"closed","ping_status":"closed","template":"elementor_header_footer","meta":{"_acf_changed":false,"_seopress_robots_primary_cat":"","_seopress_titles_title":"","_seopress_titles_desc":"","_seopress_robots_index":"","footnotes":""},"class_list":["post-1992","page","type-page","status-publish","hentry"],"acf":[],"_links":{"self":[{"href":"https:\/\/skijalista.me\/me\/wp-json\/wp\/v2\/pages\/1992","targetHints":{"allow":["GET"]}}],"collection":[{"href":"https:\/\/skijalista.me\/me\/wp-json\/wp\/v2\/pages"}],"about":[{"href":"https:\/\/skijalista.me\/me\/wp-json\/wp\/v2\/types\/page"}],"author":[{"embeddable":true,"href":"https:\/\/skijalista.me\/me\/wp-json\/wp\/v2\/users\/1"}],"replies":[{"embeddable":true,"href":"https:\/\/skijalista.me\/me\/wp-json\/wp\/v2\/comments?post=1992"}],"version-history":[{"count":0,"href":"https:\/\/skijalista.me\/me\/wp-json\/wp\/v2\/pages\/1992\/revisions"}],"up":[{"embeddable":true,"href":"https:\/\/skijalista.me\/me\/wp-json\/wp\/v2\/pages\/2015"}],"wp:attachment":[{"href":"https:\/\/skijalista.me\/me\/wp-json\/wp\/v2\/media?parent=1992"}],"curies":[{"name":"wp","href":"https:\/\/api.w.org\/{rel}","templated":true}]}}