{"id":1994,"date":"2022-03-06T20:59:50","date_gmt":"2022-03-06T19:59:50","guid":{"rendered":"https:\/\/skijalista.me\/planinski-centar-komovi\/"},"modified":"2022-03-12T10:33:05","modified_gmt":"2022-03-12T09:33:05","slug":"planinski-centar-komovi","status":"publish","type":"page","link":"https:\/\/skijalista.me\/me\/ski-centri\/planinski-centar-komovi\/","title":{"rendered":"Planinski centar Komovi"},"content":{"rendered":"\t\t<div data-elementor-type=\"wp-page\" data-elementor-id=\"1994\" class=\"elementor elementor-1994 elementor-161\">\n\t\t\t\t\t\t<section class=\"elementor-section elementor-top-section elementor-element elementor-element-bb00e84 elementor-section-height-min-height elementor-section-items-bottom elementor-section-boxed elementor-section-height-default\" data-id=\"bb00e84\" data-element_type=\"section\" data-settings=\"{&quot;background_background&quot;:&quot;classic&quot;,&quot;jet_parallax_layout_list&quot;:[]}\">\n\t\t\t\t\t\t\t<div class=\"elementor-background-overlay\"><\/div>\n\t\t\t\t\t\t\t<div class=\"elementor-container elementor-column-gap-wide\">\n\t\t\t\t\t<div class=\"elementor-column elementor-col-100 elementor-top-column elementor-element elementor-element-d94aa49\" data-id=\"d94aa49\" data-element_type=\"column\">\n\t\t\t<div class=\"elementor-widget-wrap elementor-element-populated\">\n\t\t\t\t\t\t\t<\/div>\n\t\t<\/div>\n\t\t\t\t\t<\/div>\n\t\t<\/section>\n\t\t\t\t<section class=\"elementor-section elementor-top-section elementor-element elementor-element-5461d83 elementor-section-content-middle elementor-section-boxed elementor-section-height-default elementor-section-height-default\" data-id=\"5461d83\" data-element_type=\"section\" data-settings=\"{&quot;jet_parallax_layout_list&quot;:[]}\">\n\t\t\t\t\t\t<div class=\"elementor-container elementor-column-gap-wide\">\n\t\t\t\t\t<div class=\"elementor-column elementor-col-50 elementor-top-column elementor-element elementor-element-0049e18\" data-id=\"0049e18\" data-element_type=\"column\">\n\t\t\t<div class=\"elementor-widget-wrap elementor-element-populated\">\n\t\t\t\t\t\t<div class=\"elementor-element elementor-element-cb10023 elementor-widget elementor-widget-text-editor\" data-id=\"cb10023\" data-element_type=\"widget\" data-widget_type=\"text-editor.default\">\n\t\t\t\t<div class=\"elementor-widget-container\">\n\t\t\t\t\t\t\t\t\tPlaninski vrhovi Komova suvi\u0161e su strmi za komercijalno skijanje, ali su povoljni za ekstremne sportove. Planinski centar Komovi predvi\u0111en je u okviru izgradnje ekolo\u0161kog avanturisti\u010dkog parka, a nalazi se u centralnom dijelu podru\u010dja Komova na teritoriji op\u0161tine Kola\u0161in. Povr\u0161ina na kojoj se nalazi planinski centar s eko-avanturisti\u010dkim parkom iznosi 3.204 hektara. Na tom lokalitetu predvi\u0111ena je izgradnja ukupno pet \u017ei\u010dara i ski liftova, te devet kilometara skija\u0161kih staza, kao i jednog planinarskog doma.\t\t\t\t\t\t\t\t<\/div>\n\t\t\t\t<\/div>\n\t\t\t\t<div class=\"elementor-element elementor-element-459ed16 elementor-widget elementor-widget-image\" data-id=\"459ed16\" data-element_type=\"widget\" data-widget_type=\"image.default\">\n\t\t\t\t<div class=\"elementor-widget-container\">\n\t\t\t\t\t\t\t\t\t\t\t\t\t\t\t<img fetchpriority=\"high\" decoding=\"async\" width=\"800\" height=\"534\" src=\"https:\/\/skijalista.me\/wp-content\/uploads\/komovi3-1-1024x683.jpg\" class=\"attachment-large size-large wp-image-1997\" alt=\"\" srcset=\"https:\/\/skijalista.me\/wp-content\/uploads\/komovi3-1-1024x683.jpg 1024w, https:\/\/skijalista.me\/wp-content\/uploads\/komovi3-1-600x400.jpg 600w, https:\/\/skijalista.me\/wp-content\/uploads\/komovi3-1-768x512.jpg 768w, https:\/\/skijalista.me\/wp-content\/uploads\/komovi3-1-1536x1024.jpg 1536w, https:\/\/skijalista.me\/wp-content\/uploads\/komovi3-1.jpg 1920w\" sizes=\"(max-width: 800px) 100vw, 800px\" \/>\t\t\t\t\t\t\t\t\t\t\t\t\t\t\t<\/div>\n\t\t\t\t<\/div>\n\t\t\t\t\t<\/div>\n\t\t<\/div>\n\t\t\t\t<div class=\"elementor-column elementor-col-50 elementor-top-column elementor-element elementor-element-8703c19\" data-id=\"8703c19\" data-element_type=\"column\">\n\t\t\t<div class=\"elementor-widget-wrap elementor-element-populated\">\n\t\t\t\t\t\t<div class=\"elementor-element elementor-element-cff2e5b elementor-widget elementor-widget-image\" data-id=\"cff2e5b\" data-element_type=\"widget\" data-widget_type=\"image.default\">\n\t\t\t\t<div class=\"elementor-widget-container\">\n\t\t\t\t\t\t\t\t\t\t\t\t\t\t\t\t<a href=\"https:\/\/skijalista-731755.ingress-daribow.ewp.live\/wp-content\/uploads\/KOMOVI-ECO-ADVENTURE-PARK-PLANINSKI-DOM.jpg\" data-elementor-open-lightbox=\"yes\" data-elementor-lightbox-title=\"KOMOVI ECO ADVENTURE PARK - PLANINSKI DOM\" data-e-action-hash=\"#elementor-action%3Aaction%3Dlightbox%26settings%3DeyJpZCI6MTYwMCwidXJsIjoiaHR0cHM6XC9cL3NraWphbGlzdGEubWVcL3dwLWNvbnRlbnRcL3VwbG9hZHNcL0tPTU9WSS1FQ08tQURWRU5UVVJFLVBBUkstUExBTklOU0tJLURPTS5qcGcifQ%3D%3D\">\n\t\t\t\t\t\t\t<img decoding=\"async\" width=\"1374\" height=\"1920\" src=\"https:\/\/skijalista.me\/wp-content\/uploads\/KOMOVI-ECO-ADVENTURE-PARK-PLANINSKI-DOM.jpg\" class=\"attachment-full size-full wp-image-1600\" alt=\"\" srcset=\"https:\/\/skijalista.me\/wp-content\/uploads\/KOMOVI-ECO-ADVENTURE-PARK-PLANINSKI-DOM.jpg 1374w, https:\/\/skijalista.me\/wp-content\/uploads\/KOMOVI-ECO-ADVENTURE-PARK-PLANINSKI-DOM-429x600.jpg 429w, https:\/\/skijalista.me\/wp-content\/uploads\/KOMOVI-ECO-ADVENTURE-PARK-PLANINSKI-DOM-733x1024.jpg 733w, https:\/\/skijalista.me\/wp-content\/uploads\/KOMOVI-ECO-ADVENTURE-PARK-PLANINSKI-DOM-768x1073.jpg 768w, https:\/\/skijalista.me\/wp-content\/uploads\/KOMOVI-ECO-ADVENTURE-PARK-PLANINSKI-DOM-1099x1536.jpg 1099w, https:\/\/skijalista.me\/wp-content\/uploads\/KOMOVI-ECO-ADVENTURE-PARK-PLANINSKI-DOM-1466x2048.jpg 1466w\" sizes=\"(max-width: 1374px) 100vw, 1374px\" \/>\t\t\t\t\t\t\t\t<\/a>\n\t\t\t\t\t\t\t\t\t\t\t\t\t\t\t<\/div>\n\t\t\t\t<\/div>\n\t\t\t\t\t<\/div>\n\t\t<\/div>\n\t\t\t\t\t<\/div>\n\t\t<\/section>\n\t\t\t\t<\/div>\n\t\t","protected":false},"excerpt":{"rendered":"<p>Planinski vrhovi Komova suvi\u0161e su strmi za komercijalno skijanje, ali su povoljni za ekstremne sportove. Planinski centar Komovi predvi\u0111en je u okviru izgradnje ekolo\u0161kog avanturisti\u010dkog parka, a nalazi se u centralnom dijelu podru\u010dja Komova na teritoriji op\u0161tine Kola\u0161in. Povr\u0161ina na kojoj se nalazi planinski centar s eko-avanturisti\u010dkim parkom iznosi 3.204 hektara. Na tom lokalitetu predvi\u0111ena [&hellip;]<\/p>\n","protected":false},"author":1,"featured_media":0,"parent":2015,"menu_order":0,"comment_status":"closed","ping_status":"closed","template":"elementor_header_footer","meta":{"_acf_changed":false,"_seopress_robots_primary_cat":"","_seopress_titles_title":"","_seopress_titles_desc":"","_seopress_robots_index":"","footnotes":""},"class_list":["post-1994","page","type-page","status-publish","hentry"],"acf":[],"_links":{"self":[{"href":"https:\/\/skijalista.me\/me\/wp-json\/wp\/v2\/pages\/1994","targetHints":{"allow":["GET"]}}],"collection":[{"href":"https:\/\/skijalista.me\/me\/wp-json\/wp\/v2\/pages"}],"about":[{"href":"https:\/\/skijalista.me\/me\/wp-json\/wp\/v2\/types\/page"}],"author":[{"embeddable":true,"href":"https:\/\/skijalista.me\/me\/wp-json\/wp\/v2\/users\/1"}],"replies":[{"embeddable":true,"href":"https:\/\/skijalista.me\/me\/wp-json\/wp\/v2\/comments?post=1994"}],"version-history":[{"count":0,"href":"https:\/\/skijalista.me\/me\/wp-json\/wp\/v2\/pages\/1994\/revisions"}],"up":[{"embeddable":true,"href":"https:\/\/skijalista.me\/me\/wp-json\/wp\/v2\/pages\/2015"}],"wp:attachment":[{"href":"https:\/\/skijalista.me\/me\/wp-json\/wp\/v2\/media?parent=1994"}],"curies":[{"name":"wp","href":"https:\/\/api.w.org\/{rel}","templated":true}]}}