{"id":2009,"date":"2022-03-06T20:58:53","date_gmt":"2022-03-06T19:58:53","guid":{"rendered":"https:\/\/skijalista.me\/jelovica\/"},"modified":"2022-03-12T10:34:46","modified_gmt":"2022-03-12T09:34:46","slug":"jelovica","status":"publish","type":"page","link":"https:\/\/skijalista.me\/me\/ski-centri\/jelovica\/","title":{"rendered":"Jelovica"},"content":{"rendered":"\t\t<div data-elementor-type=\"wp-page\" data-elementor-id=\"2009\" class=\"elementor elementor-2009 elementor-151\">\n\t\t\t\t\t\t<section class=\"elementor-section elementor-top-section elementor-element elementor-element-261774f elementor-section-height-min-height elementor-section-items-bottom elementor-section-boxed elementor-section-height-default\" data-id=\"261774f\" data-element_type=\"section\" data-settings=\"{&quot;background_background&quot;:&quot;classic&quot;,&quot;jet_parallax_layout_list&quot;:[]}\">\n\t\t\t\t\t\t\t<div class=\"elementor-background-overlay\"><\/div>\n\t\t\t\t\t\t\t<div class=\"elementor-container elementor-column-gap-wide\">\n\t\t\t\t\t<div class=\"elementor-column elementor-col-100 elementor-top-column elementor-element elementor-element-c275963\" data-id=\"c275963\" data-element_type=\"column\">\n\t\t\t<div class=\"elementor-widget-wrap elementor-element-populated\">\n\t\t\t\t\t\t\t<\/div>\n\t\t<\/div>\n\t\t\t\t\t<\/div>\n\t\t<\/section>\n\t\t\t\t<section class=\"elementor-section elementor-top-section elementor-element elementor-element-c86ac90 elementor-section-boxed elementor-section-height-default elementor-section-height-default\" data-id=\"c86ac90\" data-element_type=\"section\" data-settings=\"{&quot;jet_parallax_layout_list&quot;:[]}\">\n\t\t\t\t\t\t<div class=\"elementor-container elementor-column-gap-wide\">\n\t\t\t\t\t<div class=\"elementor-column elementor-col-50 elementor-top-column elementor-element elementor-element-ed50382\" data-id=\"ed50382\" data-element_type=\"column\">\n\t\t\t<div class=\"elementor-widget-wrap elementor-element-populated\">\n\t\t\t\t\t\t<div class=\"elementor-element elementor-element-a65edca elementor-widget elementor-widget-image\" data-id=\"a65edca\" data-element_type=\"widget\" data-widget_type=\"image.default\">\n\t\t\t\t<div class=\"elementor-widget-container\">\n\t\t\t\t\t\t\t\t\t\t\t\t\t\t\t<img fetchpriority=\"high\" decoding=\"async\" width=\"1920\" height=\"1280\" src=\"https:\/\/skijalista.me\/wp-content\/uploads\/jelovica.jpeg\" class=\"attachment-full size-full wp-image-1809\" alt=\"\" srcset=\"https:\/\/skijalista.me\/wp-content\/uploads\/jelovica.jpeg 1920w, https:\/\/skijalista.me\/wp-content\/uploads\/jelovica-600x400.jpeg 600w, https:\/\/skijalista.me\/wp-content\/uploads\/jelovica-1024x683.jpeg 1024w, https:\/\/skijalista.me\/wp-content\/uploads\/jelovica-768x512.jpeg 768w, https:\/\/skijalista.me\/wp-content\/uploads\/jelovica-1536x1024.jpeg 1536w\" sizes=\"(max-width: 1920px) 100vw, 1920px\" \/>\t\t\t\t\t\t\t\t\t\t\t\t\t\t\t<\/div>\n\t\t\t\t<\/div>\n\t\t\t\t<div class=\"elementor-element elementor-element-d3630de elementor-widget elementor-widget-text-editor\" data-id=\"d3630de\" data-element_type=\"widget\" data-widget_type=\"text-editor.default\">\n\t\t\t\t<div class=\"elementor-widget-container\">\n\t\t\t\t\t\t\t\t\tSki centar Jelovica, peti planirani ski centar na planini Bjelasici, nalazi se na lokalitetu op\u0161tina Berane i Andrijevica. Bazno podru\u010dje ovog ski centra nalazi se na nadmorskoj visini od 1.330 m. Iako je blizu gradskih zona, Jelovica je planinsko mjesto s predivnom prirodom i predstavlja oazu za ljude \u017eeljne opu\u0161tanja i odmora. Poznata je kao planinska turisti\u010dka destinacija s planinarskim katunima i manjim hotelima.\t\t\t\t\t\t\t\t<\/div>\n\t\t\t\t<\/div>\n\t\t\t\t\t<\/div>\n\t\t<\/div>\n\t\t\t\t<div class=\"elementor-column elementor-col-50 elementor-top-column elementor-element elementor-element-95f91e3\" data-id=\"95f91e3\" data-element_type=\"column\">\n\t\t\t<div class=\"elementor-widget-wrap elementor-element-populated\">\n\t\t\t\t\t\t<div class=\"elementor-element elementor-element-b5f6a91 elementor-widget elementor-widget-image\" data-id=\"b5f6a91\" data-element_type=\"widget\" data-widget_type=\"image.default\">\n\t\t\t\t<div class=\"elementor-widget-container\">\n\t\t\t\t\t\t\t\t\t\t\t\t\t\t\t\t<a href=\"https:\/\/skijalista-731755.ingress-daribow.ewp.live\/wp-content\/uploads\/JELOVICA-CONCEPT.jpg\" data-elementor-open-lightbox=\"yes\" data-elementor-lightbox-title=\"JELOVICA CONCEPT\" data-e-action-hash=\"#elementor-action%3Aaction%3Dlightbox%26settings%3DeyJpZCI6MTYwNiwidXJsIjoiaHR0cHM6XC9cL3NraWphbGlzdGEubWVcL3dwLWNvbnRlbnRcL3VwbG9hZHNcL0pFTE9WSUNBLUNPTkNFUFQuanBnIn0%3D\">\n\t\t\t\t\t\t\t<img decoding=\"async\" width=\"1920\" height=\"1280\" src=\"https:\/\/skijalista.me\/wp-content\/uploads\/JELOVICA-CONCEPT.jpg\" class=\"attachment-full size-full wp-image-1606\" alt=\"\" srcset=\"https:\/\/skijalista.me\/wp-content\/uploads\/JELOVICA-CONCEPT.jpg 1920w, https:\/\/skijalista.me\/wp-content\/uploads\/JELOVICA-CONCEPT-600x400.jpg 600w, https:\/\/skijalista.me\/wp-content\/uploads\/JELOVICA-CONCEPT-1024x683.jpg 1024w, https:\/\/skijalista.me\/wp-content\/uploads\/JELOVICA-CONCEPT-768x512.jpg 768w, https:\/\/skijalista.me\/wp-content\/uploads\/JELOVICA-CONCEPT-1536x1024.jpg 1536w\" sizes=\"(max-width: 1920px) 100vw, 1920px\" \/>\t\t\t\t\t\t\t\t<\/a>\n\t\t\t\t\t\t\t\t\t\t\t\t\t\t\t<\/div>\n\t\t\t\t<\/div>\n\t\t\t\t<div class=\"elementor-element elementor-element-e9e9087 elementor-widget elementor-widget-text-editor\" data-id=\"e9e9087\" data-element_type=\"widget\" data-widget_type=\"text-editor.default\">\n\t\t\t\t<div class=\"elementor-widget-container\">\n\t\t\t\t\t\t\t\t\tNalazi se u neposrednoj blizini ski centara Kola\u0161in 1600 i Kola\u0161in 1450, a na tom lokalitetu predvi\u0111ena je izgradnja ukupno 7 \u017ei\u010dara i ski liftova, 35 km skija\u0161kih staza, kao i 13 hotela, i jednog hostela u podno\u017eju ski centra. U toku je izgradnja regionalnog puta Kola\u0161in\u2013Lubnice\u2013Berane, na koji se nadovezuje izgradnja tunela du\u017eine 2,8 km, kojim \u0107e se znatno pobolj\u0161ati dostupnost i povezanost ski centara Jelovica, Kola\u0161in 1600 i Kola\u0161in 1450, a time i dostupnost ski centrima Kola\u0161in 1450 i 1600 iz gradova Andrijevica, Berane, Ro\u017eaje, Plav i Gusinje. Izgradnjom ovog puta \u0107e se navedeni gradovi za 40 kilometara pribli\u017eiti i Glavnom gradu Podgorica.\t\t\t\t\t\t\t\t<\/div>\n\t\t\t\t<\/div>\n\t\t\t\t\t<\/div>\n\t\t<\/div>\n\t\t\t\t\t<\/div>\n\t\t<\/section>\n\t\t\t\t<\/div>\n\t\t","protected":false},"excerpt":{"rendered":"<p>Ski centar Jelovica, peti planirani ski centar na planini Bjelasici, nalazi se na lokalitetu op\u0161tina Berane i Andrijevica. Bazno podru\u010dje ovog ski centra nalazi se na nadmorskoj visini od 1.330 m. Iako je blizu gradskih zona, Jelovica je planinsko mjesto s predivnom prirodom i predstavlja oazu za ljude \u017eeljne opu\u0161tanja i odmora. Poznata je kao [&hellip;]<\/p>\n","protected":false},"author":1,"featured_media":0,"parent":2015,"menu_order":0,"comment_status":"closed","ping_status":"closed","template":"elementor_header_footer","meta":{"_acf_changed":false,"_seopress_robots_primary_cat":"","_seopress_titles_title":"","_seopress_titles_desc":"","_seopress_robots_index":"","footnotes":""},"class_list":["post-2009","page","type-page","status-publish","hentry"],"acf":[],"_links":{"self":[{"href":"https:\/\/skijalista.me\/me\/wp-json\/wp\/v2\/pages\/2009","targetHints":{"allow":["GET"]}}],"collection":[{"href":"https:\/\/skijalista.me\/me\/wp-json\/wp\/v2\/pages"}],"about":[{"href":"https:\/\/skijalista.me\/me\/wp-json\/wp\/v2\/types\/page"}],"author":[{"embeddable":true,"href":"https:\/\/skijalista.me\/me\/wp-json\/wp\/v2\/users\/1"}],"replies":[{"embeddable":true,"href":"https:\/\/skijalista.me\/me\/wp-json\/wp\/v2\/comments?post=2009"}],"version-history":[{"count":0,"href":"https:\/\/skijalista.me\/me\/wp-json\/wp\/v2\/pages\/2009\/revisions"}],"up":[{"embeddable":true,"href":"https:\/\/skijalista.me\/me\/wp-json\/wp\/v2\/pages\/2015"}],"wp:attachment":[{"href":"https:\/\/skijalista.me\/me\/wp-json\/wp\/v2\/media?parent=2009"}],"curies":[{"name":"wp","href":"https:\/\/api.w.org\/{rel}","templated":true}]}}