{"id":2015,"date":"2022-03-05T16:43:34","date_gmt":"2022-03-05T15:43:34","guid":{"rendered":"https:\/\/skijalista.me\/ski-centri\/"},"modified":"2025-08-14T14:50:35","modified_gmt":"2025-08-14T12:50:35","slug":"ski-centri","status":"publish","type":"page","link":"https:\/\/skijalista.me\/me\/ski-centri\/","title":{"rendered":"Ski centri"},"content":{"rendered":"\t\t<div data-elementor-type=\"wp-page\" data-elementor-id=\"2015\" class=\"elementor elementor-2015 elementor-25\">\n\t\t\t\t\t\t<section class=\"elementor-section elementor-top-section elementor-element elementor-element-913d6f9 elementor-section-height-min-height elementor-section-items-bottom elementor-section-boxed elementor-section-height-default\" data-id=\"913d6f9\" data-element_type=\"section\" data-settings=\"{&quot;background_background&quot;:&quot;classic&quot;,&quot;jet_parallax_layout_list&quot;:[]}\">\n\t\t\t\t\t\t\t<div class=\"elementor-background-overlay\"><\/div>\n\t\t\t\t\t\t\t<div class=\"elementor-container elementor-column-gap-wide\">\n\t\t\t\t\t<div class=\"elementor-column elementor-col-100 elementor-top-column elementor-element elementor-element-03ab092\" data-id=\"03ab092\" data-element_type=\"column\">\n\t\t\t<div class=\"elementor-widget-wrap elementor-element-populated\">\n\t\t\t\t\t\t\t<\/div>\n\t\t<\/div>\n\t\t\t\t\t<\/div>\n\t\t<\/section>\n\t\t\t\t<section class=\"elementor-section elementor-top-section elementor-element elementor-element-ab21ad7 elementor-section-boxed elementor-section-height-default elementor-section-height-default\" data-id=\"ab21ad7\" data-element_type=\"section\" data-settings=\"{&quot;jet_parallax_layout_list&quot;:[]}\">\n\t\t\t\t\t\t<div class=\"elementor-container elementor-column-gap-default\">\n\t\t\t\t\t<div class=\"elementor-column elementor-col-100 elementor-top-column elementor-element elementor-element-1400e0f\" data-id=\"1400e0f\" data-element_type=\"column\">\n\t\t\t<div class=\"elementor-widget-wrap elementor-element-populated\">\n\t\t\t\t\t\t<section class=\"elementor-section elementor-inner-section elementor-element elementor-element-b4e7f25 elementor-section-boxed elementor-section-height-default elementor-section-height-default\" data-id=\"b4e7f25\" data-element_type=\"section\" data-settings=\"{&quot;jet_parallax_layout_list&quot;:[]}\">\n\t\t\t\t\t\t<div class=\"elementor-container elementor-column-gap-default\">\n\t\t\t\t\t<div class=\"elementor-column elementor-col-33 elementor-inner-column elementor-element elementor-element-1eb3627\" data-id=\"1eb3627\" data-element_type=\"column\">\n\t\t\t<div class=\"elementor-widget-wrap elementor-element-populated\">\n\t\t\t\t\t\t<div class=\"elementor-element elementor-element-7d40859 elementor-position-top elementor-widget elementor-widget-image-box\" data-id=\"7d40859\" data-element_type=\"widget\" data-widget_type=\"image-box.default\">\n\t\t\t\t<div class=\"elementor-widget-container\">\n\t\t\t\t\t<div class=\"elementor-image-box-wrapper\"><figure class=\"elementor-image-box-img\"><a href=\"https:\/\/skijalista.me\/me\/kolasin-1600\/\" tabindex=\"-1\"><img fetchpriority=\"high\" decoding=\"async\" width=\"1920\" height=\"1279\" src=\"https:\/\/skijalista.me\/wp-content\/uploads\/DJI_0765.jpg\" class=\"attachment-full size-full wp-image-1669\" alt=\"\" srcset=\"https:\/\/skijalista.me\/wp-content\/uploads\/DJI_0765.jpg 1920w, https:\/\/skijalista.me\/wp-content\/uploads\/DJI_0765-600x400.jpg 600w, https:\/\/skijalista.me\/wp-content\/uploads\/DJI_0765-1024x682.jpg 1024w, https:\/\/skijalista.me\/wp-content\/uploads\/DJI_0765-768x511.jpg 768w, https:\/\/skijalista.me\/wp-content\/uploads\/DJI_0765-1536x1023.jpg 1536w, https:\/\/skijalista.me\/wp-content\/uploads\/DJI_0765-2048x1364.jpg 2048w\" sizes=\"(max-width: 1920px) 100vw, 1920px\" \/><\/a><\/figure><div class=\"elementor-image-box-content\"><h4 class=\"elementor-image-box-title\"><a href=\"https:\/\/skijalista.me\/me\/kolasin-1600\/\">Kola\u0161in 1600<\/a><\/h4><\/div><\/div>\t\t\t\t<\/div>\n\t\t\t\t<\/div>\n\t\t\t\t\t<\/div>\n\t\t<\/div>\n\t\t\t\t<div class=\"elementor-column elementor-col-33 elementor-inner-column elementor-element elementor-element-24ed8d9\" data-id=\"24ed8d9\" data-element_type=\"column\">\n\t\t\t<div class=\"elementor-widget-wrap elementor-element-populated\">\n\t\t\t\t\t\t<div class=\"elementor-element elementor-element-923b923 elementor-position-top elementor-widget elementor-widget-image-box\" data-id=\"923b923\" data-element_type=\"widget\" data-widget_type=\"image-box.default\">\n\t\t\t\t<div class=\"elementor-widget-container\">\n\t\t\t\t\t<div class=\"elementor-image-box-wrapper\"><figure class=\"elementor-image-box-img\"><a href=\"https:\/\/skijalista.me\/me\/cmiljaca\/\" tabindex=\"-1\"><img decoding=\"async\" width=\"1920\" height=\"1280\" src=\"https:\/\/skijalista.me\/wp-content\/uploads\/cmiljaa-nov19bc.jpeg\" class=\"attachment-full size-full wp-image-1822\" alt=\"\" srcset=\"https:\/\/skijalista.me\/wp-content\/uploads\/cmiljaa-nov19bc.jpeg 1920w, https:\/\/skijalista.me\/wp-content\/uploads\/cmiljaa-nov19bc-600x400.jpeg 600w, https:\/\/skijalista.me\/wp-content\/uploads\/cmiljaa-nov19bc-1024x683.jpeg 1024w, https:\/\/skijalista.me\/wp-content\/uploads\/cmiljaa-nov19bc-768x512.jpeg 768w, https:\/\/skijalista.me\/wp-content\/uploads\/cmiljaa-nov19bc-1536x1024.jpeg 1536w\" sizes=\"(max-width: 1920px) 100vw, 1920px\" \/><\/a><\/figure><div class=\"elementor-image-box-content\"><h4 class=\"elementor-image-box-title\"><a href=\"https:\/\/skijalista.me\/me\/cmiljaca\/\">Cmilja\u010da<\/a><\/h4><\/div><\/div>\t\t\t\t<\/div>\n\t\t\t\t<\/div>\n\t\t\t\t\t<\/div>\n\t\t<\/div>\n\t\t\t\t<div class=\"elementor-column elementor-col-33 elementor-inner-column elementor-element elementor-element-79e2919\" data-id=\"79e2919\" data-element_type=\"column\">\n\t\t\t<div class=\"elementor-widget-wrap elementor-element-populated\">\n\t\t\t\t\t\t<div class=\"elementor-element elementor-element-cdc5210 elementor-position-top elementor-widget elementor-widget-image-box\" data-id=\"cdc5210\" data-element_type=\"widget\" data-widget_type=\"image-box.default\">\n\t\t\t\t<div class=\"elementor-widget-container\">\n\t\t\t\t\t<div class=\"elementor-image-box-wrapper\"><figure class=\"elementor-image-box-img\"><a href=\"https:\/\/skijalista.me\/me\/zarski\/\" tabindex=\"-1\"><img decoding=\"async\" width=\"1920\" height=\"1280\" src=\"https:\/\/skijalista.me\/wp-content\/uploads\/zarski_300720_tw1024.jpeg\" class=\"attachment-full size-full wp-image-1817\" alt=\"\" srcset=\"https:\/\/skijalista.me\/wp-content\/uploads\/zarski_300720_tw1024.jpeg 1920w, https:\/\/skijalista.me\/wp-content\/uploads\/zarski_300720_tw1024-600x400.jpeg 600w, https:\/\/skijalista.me\/wp-content\/uploads\/zarski_300720_tw1024-1024x683.jpeg 1024w, https:\/\/skijalista.me\/wp-content\/uploads\/zarski_300720_tw1024-768x512.jpeg 768w, https:\/\/skijalista.me\/wp-content\/uploads\/zarski_300720_tw1024-1536x1024.jpeg 1536w\" sizes=\"(max-width: 1920px) 100vw, 1920px\" \/><\/a><\/figure><div class=\"elementor-image-box-content\"><h4 class=\"elementor-image-box-title\"><a href=\"https:\/\/skijalista.me\/me\/zarski\/\">\u017darski<\/a><\/h4><\/div><\/div>\t\t\t\t<\/div>\n\t\t\t\t<\/div>\n\t\t\t\t\t<\/div>\n\t\t<\/div>\n\t\t\t\t\t<\/div>\n\t\t<\/section>\n\t\t\t\t<section class=\"elementor-section elementor-inner-section elementor-element elementor-element-27d0d89 elementor-section-boxed elementor-section-height-default elementor-section-height-default\" data-id=\"27d0d89\" data-element_type=\"section\" data-settings=\"{&quot;jet_parallax_layout_list&quot;:[]}\">\n\t\t\t\t\t\t<div class=\"elementor-container elementor-column-gap-default\">\n\t\t\t\t\t<div class=\"elementor-column elementor-col-33 elementor-inner-column elementor-element elementor-element-c0f20b2\" data-id=\"c0f20b2\" data-element_type=\"column\">\n\t\t\t<div class=\"elementor-widget-wrap elementor-element-populated\">\n\t\t\t\t\t\t<div class=\"elementor-element elementor-element-ccdffde elementor-position-top elementor-widget elementor-widget-image-box\" data-id=\"ccdffde\" data-element_type=\"widget\" data-widget_type=\"image-box.default\">\n\t\t\t\t<div class=\"elementor-widget-container\">\n\t\t\t\t\t<div class=\"elementor-image-box-wrapper\"><figure class=\"elementor-image-box-img\"><a href=\"https:\/\/skijalista.me\/me\/jelovica\/\" tabindex=\"-1\"><img loading=\"lazy\" decoding=\"async\" width=\"1920\" height=\"1280\" src=\"https:\/\/skijalista.me\/wp-content\/uploads\/jelovica.jpeg\" class=\"attachment-full size-full wp-image-1809\" alt=\"\" srcset=\"https:\/\/skijalista.me\/wp-content\/uploads\/jelovica.jpeg 1920w, https:\/\/skijalista.me\/wp-content\/uploads\/jelovica-600x400.jpeg 600w, https:\/\/skijalista.me\/wp-content\/uploads\/jelovica-1024x683.jpeg 1024w, https:\/\/skijalista.me\/wp-content\/uploads\/jelovica-768x512.jpeg 768w, https:\/\/skijalista.me\/wp-content\/uploads\/jelovica-1536x1024.jpeg 1536w\" sizes=\"(max-width: 1920px) 100vw, 1920px\" \/><\/a><\/figure><div class=\"elementor-image-box-content\"><h4 class=\"elementor-image-box-title\"><a href=\"https:\/\/skijalista.me\/me\/jelovica\/\">Jelovica<\/a><\/h4><\/div><\/div>\t\t\t\t<\/div>\n\t\t\t\t<\/div>\n\t\t\t\t\t<\/div>\n\t\t<\/div>\n\t\t\t\t<div class=\"elementor-column elementor-col-33 elementor-inner-column elementor-element elementor-element-a192921\" data-id=\"a192921\" data-element_type=\"column\">\n\t\t\t<div class=\"elementor-widget-wrap elementor-element-populated\">\n\t\t\t\t\t\t<div class=\"elementor-element elementor-element-a1a89fd elementor-position-top elementor-widget elementor-widget-image-box\" data-id=\"a1a89fd\" data-element_type=\"widget\" data-widget_type=\"image-box.default\">\n\t\t\t\t<div class=\"elementor-widget-container\">\n\t\t\t\t\t<div class=\"elementor-image-box-wrapper\"><figure class=\"elementor-image-box-img\"><a href=\"https:\/\/skijalista.me\/me\/torine\/\" tabindex=\"-1\"><img loading=\"lazy\" decoding=\"async\" width=\"1920\" height=\"1280\" src=\"https:\/\/skijalista.me\/wp-content\/uploads\/torine.jpg\" class=\"attachment-full size-full wp-image-2143\" alt=\"\" srcset=\"https:\/\/skijalista.me\/wp-content\/uploads\/torine.jpg 1920w, https:\/\/skijalista.me\/wp-content\/uploads\/torine-600x400.jpg 600w, https:\/\/skijalista.me\/wp-content\/uploads\/torine-1024x683.jpg 1024w, https:\/\/skijalista.me\/wp-content\/uploads\/torine-768x512.jpg 768w, https:\/\/skijalista.me\/wp-content\/uploads\/torine-1536x1024.jpg 1536w\" sizes=\"(max-width: 1920px) 100vw, 1920px\" \/><\/a><\/figure><div class=\"elementor-image-box-content\"><h4 class=\"elementor-image-box-title\"><a href=\"https:\/\/skijalista.me\/me\/torine\/\">Torine<\/a><\/h4><\/div><\/div>\t\t\t\t<\/div>\n\t\t\t\t<\/div>\n\t\t\t\t\t<\/div>\n\t\t<\/div>\n\t\t\t\t<div class=\"elementor-column elementor-col-33 elementor-inner-column elementor-element elementor-element-f334644\" data-id=\"f334644\" data-element_type=\"column\">\n\t\t\t<div class=\"elementor-widget-wrap elementor-element-populated\">\n\t\t\t\t\t\t<div class=\"elementor-element elementor-element-6cad1a7 elementor-position-top elementor-widget elementor-widget-image-box\" data-id=\"6cad1a7\" data-element_type=\"widget\" data-widget_type=\"image-box.default\">\n\t\t\t\t<div class=\"elementor-widget-container\">\n\t\t\t\t\t<div class=\"elementor-image-box-wrapper\"><figure class=\"elementor-image-box-img\"><a href=\"https:\/\/skijalista.me\/me\/planinski-centar-komovi\/\" tabindex=\"-1\"><img loading=\"lazy\" decoding=\"async\" width=\"1920\" height=\"1280\" src=\"https:\/\/skijalista.me\/wp-content\/uploads\/komovi3-1.jpg\" class=\"attachment-full size-full wp-image-1997\" alt=\"\" srcset=\"https:\/\/skijalista.me\/wp-content\/uploads\/komovi3-1.jpg 1920w, https:\/\/skijalista.me\/wp-content\/uploads\/komovi3-1-600x400.jpg 600w, https:\/\/skijalista.me\/wp-content\/uploads\/komovi3-1-1024x683.jpg 1024w, https:\/\/skijalista.me\/wp-content\/uploads\/komovi3-1-768x512.jpg 768w, https:\/\/skijalista.me\/wp-content\/uploads\/komovi3-1-1536x1024.jpg 1536w\" sizes=\"(max-width: 1920px) 100vw, 1920px\" \/><\/a><\/figure><div class=\"elementor-image-box-content\"><h4 class=\"elementor-image-box-title\"><a href=\"https:\/\/skijalista.me\/me\/planinski-centar-komovi\/\">Planinski centar Komovi<\/a><\/h4><\/div><\/div>\t\t\t\t<\/div>\n\t\t\t\t<\/div>\n\t\t\t\t\t<\/div>\n\t\t<\/div>\n\t\t\t\t\t<\/div>\n\t\t<\/section>\n\t\t\t\t\t<\/div>\n\t\t<\/div>\n\t\t\t\t\t<\/div>\n\t\t<\/section>\n\t\t\t\t<\/div>\n\t\t","protected":false},"excerpt":{"rendered":"<p>Kola\u0161in 1600 Cmilja\u010da \u017darski Jelovica Torine Planinski centar Komovi<\/p>\n","protected":false},"author":1,"featured_media":0,"parent":0,"menu_order":0,"comment_status":"closed","ping_status":"closed","template":"elementor_header_footer","meta":{"_acf_changed":false,"_seopress_robots_primary_cat":"","_seopress_titles_title":"","_seopress_titles_desc":"","_seopress_robots_index":"","footnotes":""},"class_list":["post-2015","page","type-page","status-publish","hentry"],"acf":[],"_links":{"self":[{"href":"https:\/\/skijalista.me\/me\/wp-json\/wp\/v2\/pages\/2015","targetHints":{"allow":["GET"]}}],"collection":[{"href":"https:\/\/skijalista.me\/me\/wp-json\/wp\/v2\/pages"}],"about":[{"href":"https:\/\/skijalista.me\/me\/wp-json\/wp\/v2\/types\/page"}],"author":[{"embeddable":true,"href":"https:\/\/skijalista.me\/me\/wp-json\/wp\/v2\/users\/1"}],"replies":[{"embeddable":true,"href":"https:\/\/skijalista.me\/me\/wp-json\/wp\/v2\/comments?post=2015"}],"version-history":[{"count":3,"href":"https:\/\/skijalista.me\/me\/wp-json\/wp\/v2\/pages\/2015\/revisions"}],"predecessor-version":[{"id":5195,"href":"https:\/\/skijalista.me\/me\/wp-json\/wp\/v2\/pages\/2015\/revisions\/5195"}],"wp:attachment":[{"href":"https:\/\/skijalista.me\/me\/wp-json\/wp\/v2\/media?parent=2015"}],"curies":[{"name":"wp","href":"https:\/\/api.w.org\/{rel}","templated":true}]}}