{"id":2024,"date":"2022-03-05T16:46:05","date_gmt":"2022-03-05T15:46:05","guid":{"rendered":"https:\/\/skijalista.me\/skijanje-i-bordanje\/"},"modified":"2022-10-12T08:56:39","modified_gmt":"2022-10-12T06:56:39","slug":"skijanje-i-bordanje","status":"publish","type":"page","link":"https:\/\/skijalista.me\/me\/aktivnosti\/skijanje-i-bordanje\/","title":{"rendered":"Skijanje i bordanje"},"content":{"rendered":"\t\t<div data-elementor-type=\"wp-page\" data-elementor-id=\"2024\" class=\"elementor elementor-2024 elementor-36\">\n\t\t\t\t\t\t<section class=\"elementor-section elementor-top-section elementor-element elementor-element-b7f76c4 elementor-section-height-min-height elementor-section-items-bottom elementor-section-boxed elementor-section-height-default\" data-id=\"b7f76c4\" data-element_type=\"section\" data-settings=\"{&quot;background_background&quot;:&quot;classic&quot;,&quot;jet_parallax_layout_list&quot;:[]}\">\n\t\t\t\t\t\t\t<div class=\"elementor-background-overlay\"><\/div>\n\t\t\t\t\t\t\t<div class=\"elementor-container elementor-column-gap-wide\">\n\t\t\t\t\t<div class=\"elementor-column elementor-col-100 elementor-top-column elementor-element elementor-element-5c89459\" data-id=\"5c89459\" data-element_type=\"column\">\n\t\t\t<div class=\"elementor-widget-wrap elementor-element-populated\">\n\t\t\t\t\t\t\t<\/div>\n\t\t<\/div>\n\t\t\t\t\t<\/div>\n\t\t<\/section>\n\t\t\t\t<section class=\"elementor-section elementor-top-section elementor-element elementor-element-df75a6a elementor-section-boxed elementor-section-height-default elementor-section-height-default\" data-id=\"df75a6a\" data-element_type=\"section\" data-settings=\"{&quot;jet_parallax_layout_list&quot;:[]}\">\n\t\t\t\t\t\t<div class=\"elementor-container elementor-column-gap-wide\">\n\t\t\t\t\t<div class=\"elementor-column elementor-col-100 elementor-top-column elementor-element elementor-element-2bdd937\" data-id=\"2bdd937\" data-element_type=\"column\">\n\t\t\t<div class=\"elementor-widget-wrap elementor-element-populated\">\n\t\t\t\t\t\t<div class=\"elementor-element elementor-element-8b62c96 elementor-widget elementor-widget-text-editor\" data-id=\"8b62c96\" data-element_type=\"widget\" data-widget_type=\"text-editor.default\">\n\t\t\t\t<div class=\"elementor-widget-container\">\n\t\t\t\t\t\t\t\t\t<p>Crna Gora postaje me\u0111unarodno prepoznata destinacija za zimski turizam. Vi\u0161e od 80% zemlje je prekriveno planinama i pravi na\u010din da do\u017eivite Crnu Goru je da prvo upoznate njene planine. Od prethodne zimske turisti\u010dke sezone godine najve\u0107i ski centar u zemlji nalazi se u Kola\u0161inu, nakon spajanja ski centara Kola\u0161in 1600 i Kola\u0161in 1450, od kada objedinjeni raspola\u017eu sa 45 kilometara skija\u0161kih staza. Posjetiocima su na raspolaganju staze svih kategorizacija a do vrha ih vode najmodernije \u0161estosjedne \u017ei\u010dare otvorenog tipa, proizvo\u0111a\u010da Doppelmayr sa ugra\u0111enim grija\u010dima sjedi\u0161ta, wi fi signalom i ozvu\u010denjem. Tako\u0111e, od prethodne sezone je za sve po\u010detnike i najmla\u0111e posjetioce na raspolaganju traka za po\u010detnike koja je postavljena u blizini bazne stanice ski centra Kola\u0161in 1600. Jo\u0161 jedna novina je i tjubing park u kojem mogu u\u017eivati najmla\u0111i a i malo stariji posjetioci. Ski rental, koji je od prethodne sezone oboga\u0107en novom i najkvalitetnijom opremom, usluge \u0161kole skijanja, kao i brojne outdoor aktivnosti upotpunjuju ponudu Skijali\u0161ta Crne Gore.<\/p>\t\t\t\t\t\t\t\t<\/div>\n\t\t\t\t<\/div>\n\t\t\t\t<div class=\"elementor-element elementor-element-a9d294c elementor-widget elementor-widget-gallery\" data-id=\"a9d294c\" data-element_type=\"widget\" data-settings=\"{&quot;columns_mobile&quot;:2,&quot;lazyload&quot;:&quot;yes&quot;,&quot;gallery_layout&quot;:&quot;grid&quot;,&quot;columns&quot;:4,&quot;columns_tablet&quot;:2,&quot;gap&quot;:{&quot;unit&quot;:&quot;px&quot;,&quot;size&quot;:10,&quot;sizes&quot;:[]},&quot;gap_tablet&quot;:{&quot;unit&quot;:&quot;px&quot;,&quot;size&quot;:10,&quot;sizes&quot;:[]},&quot;gap_mobile&quot;:{&quot;unit&quot;:&quot;px&quot;,&quot;size&quot;:10,&quot;sizes&quot;:[]},&quot;link_to&quot;:&quot;file&quot;,&quot;aspect_ratio&quot;:&quot;3:2&quot;,&quot;overlay_background&quot;:&quot;yes&quot;,&quot;content_hover_animation&quot;:&quot;fade-in&quot;}\" data-widget_type=\"gallery.default\">\n\t\t\t\t<div class=\"elementor-widget-container\">\n\t\t\t\t\t\t\t<div class=\"elementor-gallery__container\">\n\t\t\t\t\t\t\t<a class=\"e-gallery-item elementor-gallery-item elementor-animated-content\" href=\"https:\/\/skijalista.me\/wp-content\/uploads\/Kolasin-1600-35.jpg\" data-elementor-open-lightbox=\"yes\" data-elementor-lightbox-slideshow=\"all-a9d294c\" data-elementor-lightbox-title=\"Kolasin 1600-35\" data-e-action-hash=\"#elementor-action%3Aaction%3Dlightbox%26settings%3DeyJpZCI6MTc2MCwidXJsIjoiaHR0cHM6XC9cL3NraWphbGlzdGEubWVcL3dwLWNvbnRlbnRcL3VwbG9hZHNcL0tvbGFzaW4tMTYwMC0zNS5qcGciLCJzbGlkZXNob3ciOiJhbGwtYTlkMjk0YyJ9\">\n\t\t\t\t\t<div class=\"e-gallery-image elementor-gallery-item__image\" data-thumbnail=\"https:\/\/skijalista.me\/wp-content\/uploads\/Kolasin-1600-35.jpg\" data-width=\"1920\" data-height=\"1280\" alt=\"\" ><\/div>\n\t\t\t\t\t\t\t\t\t\t\t<div class=\"elementor-gallery-item__overlay\"><\/div>\n\t\t\t\t\t\t\t\t\t\t\t\t\t\t<\/a>\n\t\t\t\t\t\t\t<a class=\"e-gallery-item elementor-gallery-item elementor-animated-content\" href=\"https:\/\/skijalista.me\/wp-content\/uploads\/BG7_0483-Edit.jpg\" data-elementor-open-lightbox=\"yes\" data-elementor-lightbox-slideshow=\"all-a9d294c\" data-elementor-lightbox-title=\"BG7_0483-Edit\" data-e-action-hash=\"#elementor-action%3Aaction%3Dlightbox%26settings%3DeyJpZCI6MTc1NSwidXJsIjoiaHR0cHM6XC9cL3NraWphbGlzdGEubWVcL3dwLWNvbnRlbnRcL3VwbG9hZHNcL0JHN18wNDgzLUVkaXQuanBnIiwic2xpZGVzaG93IjoiYWxsLWE5ZDI5NGMifQ%3D%3D\">\n\t\t\t\t\t<div class=\"e-gallery-image elementor-gallery-item__image\" data-thumbnail=\"https:\/\/skijalista.me\/wp-content\/uploads\/BG7_0483-Edit.jpg\" data-width=\"1920\" data-height=\"1280\" alt=\"\" ><\/div>\n\t\t\t\t\t\t\t\t\t\t\t<div class=\"elementor-gallery-item__overlay\"><\/div>\n\t\t\t\t\t\t\t\t\t\t\t\t\t\t<\/a>\n\t\t\t\t\t\t\t<a class=\"e-gallery-item elementor-gallery-item elementor-animated-content\" href=\"https:\/\/skijalista.me\/wp-content\/uploads\/BG4_9180-scaled.jpg\" data-elementor-open-lightbox=\"yes\" data-elementor-lightbox-slideshow=\"all-a9d294c\" data-elementor-lightbox-title=\"BG4_9180\" data-e-action-hash=\"#elementor-action%3Aaction%3Dlightbox%26settings%3DeyJpZCI6MTc3MywidXJsIjoiaHR0cHM6XC9cL3NraWphbGlzdGEubWVcL3dwLWNvbnRlbnRcL3VwbG9hZHNcL0JHNF85MTgwLXNjYWxlZC5qcGciLCJzbGlkZXNob3ciOiJhbGwtYTlkMjk0YyJ9\">\n\t\t\t\t\t<div class=\"e-gallery-image elementor-gallery-item__image\" data-thumbnail=\"https:\/\/skijalista.me\/wp-content\/uploads\/BG4_9180-scaled.jpg\" data-width=\"1920\" data-height=\"1278\" alt=\"\" ><\/div>\n\t\t\t\t\t\t\t\t\t\t\t<div class=\"elementor-gallery-item__overlay\"><\/div>\n\t\t\t\t\t\t\t\t\t\t\t\t\t\t<\/a>\n\t\t\t\t\t\t\t<a class=\"e-gallery-item elementor-gallery-item elementor-animated-content\" href=\"https:\/\/skijalista.me\/wp-content\/uploads\/BG7_0253-scaled.jpg\" data-elementor-open-lightbox=\"yes\" data-elementor-lightbox-slideshow=\"all-a9d294c\" data-elementor-lightbox-title=\"BG7_0253\" data-e-action-hash=\"#elementor-action%3Aaction%3Dlightbox%26settings%3DeyJpZCI6MTc3NSwidXJsIjoiaHR0cHM6XC9cL3NraWphbGlzdGEubWVcL3dwLWNvbnRlbnRcL3VwbG9hZHNcL0JHN18wMjUzLXNjYWxlZC5qcGciLCJzbGlkZXNob3ciOiJhbGwtYTlkMjk0YyJ9\">\n\t\t\t\t\t<div class=\"e-gallery-image elementor-gallery-item__image\" data-thumbnail=\"https:\/\/skijalista.me\/wp-content\/uploads\/BG7_0253-scaled.jpg\" data-width=\"1920\" data-height=\"1282\" alt=\"\" ><\/div>\n\t\t\t\t\t\t\t\t\t\t\t<div class=\"elementor-gallery-item__overlay\"><\/div>\n\t\t\t\t\t\t\t\t\t\t\t\t\t\t<\/a>\n\t\t\t\t\t\t\t<a class=\"e-gallery-item elementor-gallery-item elementor-animated-content\" href=\"https:\/\/skijalista.me\/wp-content\/uploads\/Kolasin-1600-32-scaled.jpg\" data-elementor-open-lightbox=\"yes\" data-elementor-lightbox-slideshow=\"all-a9d294c\" data-elementor-lightbox-title=\"Kolasin 1600-32\" data-e-action-hash=\"#elementor-action%3Aaction%3Dlightbox%26settings%3DeyJpZCI6MTc3NywidXJsIjoiaHR0cHM6XC9cL3NraWphbGlzdGEubWVcL3dwLWNvbnRlbnRcL3VwbG9hZHNcL0tvbGFzaW4tMTYwMC0zMi1zY2FsZWQuanBnIiwic2xpZGVzaG93IjoiYWxsLWE5ZDI5NGMifQ%3D%3D\">\n\t\t\t\t\t<div class=\"e-gallery-image elementor-gallery-item__image\" data-thumbnail=\"https:\/\/skijalista.me\/wp-content\/uploads\/Kolasin-1600-32-scaled.jpg\" data-width=\"1920\" data-height=\"1280\" alt=\"\" ><\/div>\n\t\t\t\t\t\t\t\t\t\t\t<div class=\"elementor-gallery-item__overlay\"><\/div>\n\t\t\t\t\t\t\t\t\t\t\t\t\t\t<\/a>\n\t\t\t\t\t\t\t<a class=\"e-gallery-item elementor-gallery-item elementor-animated-content\" href=\"https:\/\/skijalista.me\/wp-content\/uploads\/Kolasin-1600-57-scaled.jpg\" data-elementor-open-lightbox=\"yes\" data-elementor-lightbox-slideshow=\"all-a9d294c\" data-elementor-lightbox-title=\"Kolasin 1600-57\" data-e-action-hash=\"#elementor-action%3Aaction%3Dlightbox%26settings%3DeyJpZCI6MTc4MywidXJsIjoiaHR0cHM6XC9cL3NraWphbGlzdGEubWVcL3dwLWNvbnRlbnRcL3VwbG9hZHNcL0tvbGFzaW4tMTYwMC01Ny1zY2FsZWQuanBnIiwic2xpZGVzaG93IjoiYWxsLWE5ZDI5NGMifQ%3D%3D\">\n\t\t\t\t\t<div class=\"e-gallery-image elementor-gallery-item__image\" data-thumbnail=\"https:\/\/skijalista.me\/wp-content\/uploads\/Kolasin-1600-57-scaled.jpg\" data-width=\"1920\" data-height=\"1280\" alt=\"\" ><\/div>\n\t\t\t\t\t\t\t\t\t\t\t<div class=\"elementor-gallery-item__overlay\"><\/div>\n\t\t\t\t\t\t\t\t\t\t\t\t\t\t<\/a>\n\t\t\t\t\t\t\t<a class=\"e-gallery-item elementor-gallery-item elementor-animated-content\" href=\"https:\/\/skijalista.me\/wp-content\/uploads\/Kolasin-1600-45-scaled.jpg\" data-elementor-open-lightbox=\"yes\" data-elementor-lightbox-slideshow=\"all-a9d294c\" data-elementor-lightbox-title=\"Kolasin 1600-45\" data-e-action-hash=\"#elementor-action%3Aaction%3Dlightbox%26settings%3DeyJpZCI6MTc3OSwidXJsIjoiaHR0cHM6XC9cL3NraWphbGlzdGEubWVcL3dwLWNvbnRlbnRcL3VwbG9hZHNcL0tvbGFzaW4tMTYwMC00NS1zY2FsZWQuanBnIiwic2xpZGVzaG93IjoiYWxsLWE5ZDI5NGMifQ%3D%3D\">\n\t\t\t\t\t<div class=\"e-gallery-image elementor-gallery-item__image\" data-thumbnail=\"https:\/\/skijalista.me\/wp-content\/uploads\/Kolasin-1600-45-scaled.jpg\" data-width=\"1920\" data-height=\"1280\" alt=\"\" ><\/div>\n\t\t\t\t\t\t\t\t\t\t\t<div class=\"elementor-gallery-item__overlay\"><\/div>\n\t\t\t\t\t\t\t\t\t\t\t\t\t\t<\/a>\n\t\t\t\t\t\t\t<a class=\"e-gallery-item elementor-gallery-item elementor-animated-content\" href=\"https:\/\/skijalista.me\/wp-content\/uploads\/Kolasin-1600-50-scaled.jpg\" data-elementor-open-lightbox=\"yes\" data-elementor-lightbox-slideshow=\"all-a9d294c\" data-elementor-lightbox-title=\"Kolasin 1600-50\" data-e-action-hash=\"#elementor-action%3Aaction%3Dlightbox%26settings%3DeyJpZCI6MTc4MSwidXJsIjoiaHR0cHM6XC9cL3NraWphbGlzdGEubWVcL3dwLWNvbnRlbnRcL3VwbG9hZHNcL0tvbGFzaW4tMTYwMC01MC1zY2FsZWQuanBnIiwic2xpZGVzaG93IjoiYWxsLWE5ZDI5NGMifQ%3D%3D\">\n\t\t\t\t\t<div class=\"e-gallery-image elementor-gallery-item__image\" data-thumbnail=\"https:\/\/skijalista.me\/wp-content\/uploads\/Kolasin-1600-50-scaled.jpg\" data-width=\"1920\" data-height=\"1280\" alt=\"\" ><\/div>\n\t\t\t\t\t\t\t\t\t\t\t<div class=\"elementor-gallery-item__overlay\"><\/div>\n\t\t\t\t\t\t\t\t\t\t\t\t\t\t<\/a>\n\t\t\t\t\t<\/div>\n\t\t\t\t\t<\/div>\n\t\t\t\t<\/div>\n\t\t\t\t\t<\/div>\n\t\t<\/div>\n\t\t\t\t\t<\/div>\n\t\t<\/section>\n\t\t\t\t<\/div>\n\t\t","protected":false},"excerpt":{"rendered":"<p>Crna Gora postaje me\u0111unarodno prepoznata destinacija za zimski turizam. Vi\u0161e od 80% zemlje je prekriveno planinama i pravi na\u010din da do\u017eivite Crnu Goru je da prvo upoznate njene planine. Od prethodne zimske turisti\u010dke sezone godine najve\u0107i ski centar u zemlji nalazi se u Kola\u0161inu, nakon spajanja ski centara Kola\u0161in 1600 i Kola\u0161in 1450, od kada [&hellip;]<\/p>\n","protected":false},"author":1,"featured_media":0,"parent":2034,"menu_order":0,"comment_status":"closed","ping_status":"closed","template":"elementor_header_footer","meta":{"_acf_changed":false,"_seopress_robots_primary_cat":"","_seopress_titles_title":"","_seopress_titles_desc":"","_seopress_robots_index":"","footnotes":""},"class_list":["post-2024","page","type-page","status-publish","hentry"],"acf":[],"_links":{"self":[{"href":"https:\/\/skijalista.me\/me\/wp-json\/wp\/v2\/pages\/2024","targetHints":{"allow":["GET"]}}],"collection":[{"href":"https:\/\/skijalista.me\/me\/wp-json\/wp\/v2\/pages"}],"about":[{"href":"https:\/\/skijalista.me\/me\/wp-json\/wp\/v2\/types\/page"}],"author":[{"embeddable":true,"href":"https:\/\/skijalista.me\/me\/wp-json\/wp\/v2\/users\/1"}],"replies":[{"embeddable":true,"href":"https:\/\/skijalista.me\/me\/wp-json\/wp\/v2\/comments?post=2024"}],"version-history":[{"count":0,"href":"https:\/\/skijalista.me\/me\/wp-json\/wp\/v2\/pages\/2024\/revisions"}],"up":[{"embeddable":true,"href":"https:\/\/skijalista.me\/me\/wp-json\/wp\/v2\/pages\/2034"}],"wp:attachment":[{"href":"https:\/\/skijalista.me\/me\/wp-json\/wp\/v2\/media?parent=2024"}],"curies":[{"name":"wp","href":"https:\/\/api.w.org\/{rel}","templated":true}]}}