{"id":2026,"date":"2022-03-05T16:46:21","date_gmt":"2022-03-05T15:46:21","guid":{"rendered":"https:\/\/skijalista.me\/ture-motornim-sankama\/"},"modified":"2022-03-12T10:55:04","modified_gmt":"2022-03-12T09:55:04","slug":"ture-motornim-sankama","status":"publish","type":"page","link":"https:\/\/skijalista.me\/me\/aktivnosti\/ture-motornim-sankama\/","title":{"rendered":"Ture motornim sankama"},"content":{"rendered":"\t\t<div data-elementor-type=\"wp-page\" data-elementor-id=\"2026\" class=\"elementor elementor-2026 elementor-39\">\n\t\t\t\t\t\t<section class=\"elementor-section elementor-top-section elementor-element elementor-element-7949f0c elementor-section-height-min-height elementor-section-items-bottom elementor-section-boxed elementor-section-height-default\" data-id=\"7949f0c\" data-element_type=\"section\" data-settings=\"{&quot;background_background&quot;:&quot;classic&quot;,&quot;jet_parallax_layout_list&quot;:[]}\">\n\t\t\t\t\t\t\t<div class=\"elementor-background-overlay\"><\/div>\n\t\t\t\t\t\t\t<div class=\"elementor-container elementor-column-gap-wide\">\n\t\t\t\t\t<div class=\"elementor-column elementor-col-100 elementor-top-column elementor-element elementor-element-540487e\" data-id=\"540487e\" data-element_type=\"column\">\n\t\t\t<div class=\"elementor-widget-wrap elementor-element-populated\">\n\t\t\t\t\t\t\t<\/div>\n\t\t<\/div>\n\t\t\t\t\t<\/div>\n\t\t<\/section>\n\t\t\t\t<section class=\"elementor-section elementor-top-section elementor-element elementor-element-a47d1c2 elementor-section-boxed elementor-section-height-default elementor-section-height-default\" data-id=\"a47d1c2\" data-element_type=\"section\" data-settings=\"{&quot;jet_parallax_layout_list&quot;:[]}\">\n\t\t\t\t\t\t<div class=\"elementor-container elementor-column-gap-wide\">\n\t\t\t\t\t<div class=\"elementor-column elementor-col-100 elementor-top-column elementor-element elementor-element-9079784\" data-id=\"9079784\" data-element_type=\"column\">\n\t\t\t<div class=\"elementor-widget-wrap elementor-element-populated\">\n\t\t\t\t\t\t<div class=\"elementor-element elementor-element-fabeb95 elementor-widget elementor-widget-text-editor\" data-id=\"fabeb95\" data-element_type=\"widget\" data-widget_type=\"text-editor.default\">\n\t\t\t\t<div class=\"elementor-widget-container\">\n\t\t\t\t\t\t\t\t\t<p>Vo\u017enja motornim sankama predstavlja pravi izazov za sve ljubitelje aktivnog turizma. Mo\u017eete se voziti predjelima Sinjajevine i Bjelasice i iskusiti nezaboravne trenutke. Na taj na\u010din \u0107ete upoznati planine iz jedne druge perspektive. Do\u017eivje\u0107ete prelijepe poglede na skrivene djelove planina koji su nedostupni skija\u0161ima i \u0161eta\u010dima. Vo\u017enju mo\u017eete kombinovati sa turnim skijanjem, nordijskim disciplinama i boravkom u planini. Organizujemo individualne i grupne ture motornim sankama.\r\n<\/p>\t\t\t\t\t\t\t\t<\/div>\n\t\t\t\t<\/div>\n\t\t\t\t<div class=\"elementor-element elementor-element-7f748fc elementor-widget elementor-widget-gallery\" data-id=\"7f748fc\" data-element_type=\"widget\" data-settings=\"{&quot;columns_mobile&quot;:2,&quot;lazyload&quot;:&quot;yes&quot;,&quot;gallery_layout&quot;:&quot;grid&quot;,&quot;columns&quot;:4,&quot;columns_tablet&quot;:2,&quot;gap&quot;:{&quot;unit&quot;:&quot;px&quot;,&quot;size&quot;:10,&quot;sizes&quot;:[]},&quot;gap_tablet&quot;:{&quot;unit&quot;:&quot;px&quot;,&quot;size&quot;:10,&quot;sizes&quot;:[]},&quot;gap_mobile&quot;:{&quot;unit&quot;:&quot;px&quot;,&quot;size&quot;:10,&quot;sizes&quot;:[]},&quot;link_to&quot;:&quot;file&quot;,&quot;aspect_ratio&quot;:&quot;3:2&quot;,&quot;overlay_background&quot;:&quot;yes&quot;,&quot;content_hover_animation&quot;:&quot;fade-in&quot;}\" data-widget_type=\"gallery.default\">\n\t\t\t\t<div class=\"elementor-widget-container\">\n\t\t\t\t\t\t\t<div class=\"elementor-gallery__container\">\n\t\t\t\t\t\t\t<a class=\"e-gallery-item elementor-gallery-item elementor-animated-content\" href=\"https:\/\/skijalista.me\/wp-content\/uploads\/Kolasin-1600-74-scaled.jpg\" data-elementor-open-lightbox=\"yes\" data-elementor-lightbox-slideshow=\"all-7f748fc\" data-elementor-lightbox-title=\"Kolasin 1600-74\" data-e-action-hash=\"#elementor-action%3Aaction%3Dlightbox%26settings%3DeyJpZCI6MTc4NywidXJsIjoiaHR0cHM6XC9cL3NraWphbGlzdGEubWVcL3dwLWNvbnRlbnRcL3VwbG9hZHNcL0tvbGFzaW4tMTYwMC03NC1zY2FsZWQuanBnIiwic2xpZGVzaG93IjoiYWxsLTdmNzQ4ZmMifQ%3D%3D\">\n\t\t\t\t\t<div class=\"e-gallery-image elementor-gallery-item__image\" data-thumbnail=\"https:\/\/skijalista.me\/wp-content\/uploads\/Kolasin-1600-74-scaled.jpg\" data-width=\"2560\" data-height=\"1707\" alt=\"\" ><\/div>\n\t\t\t\t\t\t\t\t\t\t\t<div class=\"elementor-gallery-item__overlay\"><\/div>\n\t\t\t\t\t\t\t\t\t\t\t\t\t\t<\/a>\n\t\t\t\t\t\t\t<a class=\"e-gallery-item elementor-gallery-item elementor-animated-content\" href=\"https:\/\/skijalista.me\/wp-content\/uploads\/Kolasin-1600-91-scaled.jpg\" data-elementor-open-lightbox=\"yes\" data-elementor-lightbox-slideshow=\"all-7f748fc\" data-elementor-lightbox-title=\"Kolasin 1600-91\" data-e-action-hash=\"#elementor-action%3Aaction%3Dlightbox%26settings%3DeyJpZCI6MTc5MiwidXJsIjoiaHR0cHM6XC9cL3NraWphbGlzdGEubWVcL3dwLWNvbnRlbnRcL3VwbG9hZHNcL0tvbGFzaW4tMTYwMC05MS1zY2FsZWQuanBnIiwic2xpZGVzaG93IjoiYWxsLTdmNzQ4ZmMifQ%3D%3D\">\n\t\t\t\t\t<div class=\"e-gallery-image elementor-gallery-item__image\" data-thumbnail=\"https:\/\/skijalista.me\/wp-content\/uploads\/Kolasin-1600-91-scaled.jpg\" data-width=\"2560\" data-height=\"1707\" alt=\"\" ><\/div>\n\t\t\t\t\t\t\t\t\t\t\t<div class=\"elementor-gallery-item__overlay\"><\/div>\n\t\t\t\t\t\t\t\t\t\t\t\t\t\t<\/a>\n\t\t\t\t\t\t\t<a class=\"e-gallery-item elementor-gallery-item elementor-animated-content\" href=\"https:\/\/skijalista.me\/wp-content\/uploads\/Kolasin-1600-97-scaled.jpg\" data-elementor-open-lightbox=\"yes\" data-elementor-lightbox-slideshow=\"all-7f748fc\" data-elementor-lightbox-title=\"Kolasin 1600-97\" data-e-action-hash=\"#elementor-action%3Aaction%3Dlightbox%26settings%3DeyJpZCI6MTc5NCwidXJsIjoiaHR0cHM6XC9cL3NraWphbGlzdGEubWVcL3dwLWNvbnRlbnRcL3VwbG9hZHNcL0tvbGFzaW4tMTYwMC05Ny1zY2FsZWQuanBnIiwic2xpZGVzaG93IjoiYWxsLTdmNzQ4ZmMifQ%3D%3D\">\n\t\t\t\t\t<div class=\"e-gallery-image elementor-gallery-item__image\" data-thumbnail=\"https:\/\/skijalista.me\/wp-content\/uploads\/Kolasin-1600-97-scaled.jpg\" data-width=\"2560\" data-height=\"1707\" alt=\"\" ><\/div>\n\t\t\t\t\t\t\t\t\t\t\t<div class=\"elementor-gallery-item__overlay\"><\/div>\n\t\t\t\t\t\t\t\t\t\t\t\t\t\t<\/a>\n\t\t\t\t\t\t\t<a class=\"e-gallery-item elementor-gallery-item elementor-animated-content\" href=\"https:\/\/skijalista.me\/wp-content\/uploads\/Kolasin-1600-99-scaled.jpg\" data-elementor-open-lightbox=\"yes\" data-elementor-lightbox-slideshow=\"all-7f748fc\" data-elementor-lightbox-title=\"Kolasin 1600-99\" data-e-action-hash=\"#elementor-action%3Aaction%3Dlightbox%26settings%3DeyJpZCI6MTc5NiwidXJsIjoiaHR0cHM6XC9cL3NraWphbGlzdGEubWVcL3dwLWNvbnRlbnRcL3VwbG9hZHNcL0tvbGFzaW4tMTYwMC05OS1zY2FsZWQuanBnIiwic2xpZGVzaG93IjoiYWxsLTdmNzQ4ZmMifQ%3D%3D\">\n\t\t\t\t\t<div class=\"e-gallery-image elementor-gallery-item__image\" data-thumbnail=\"https:\/\/skijalista.me\/wp-content\/uploads\/Kolasin-1600-99-scaled.jpg\" data-width=\"2560\" data-height=\"1707\" alt=\"\" ><\/div>\n\t\t\t\t\t\t\t\t\t\t\t<div class=\"elementor-gallery-item__overlay\"><\/div>\n\t\t\t\t\t\t\t\t\t\t\t\t\t\t<\/a>\n\t\t\t\t\t\t\t<a class=\"e-gallery-item elementor-gallery-item elementor-animated-content\" href=\"https:\/\/skijalista.me\/wp-content\/uploads\/Kolasin-1600-111-scaled.jpg\" data-elementor-open-lightbox=\"yes\" data-elementor-lightbox-slideshow=\"all-7f748fc\" data-elementor-lightbox-title=\"Kolasin 1600-111\" data-e-action-hash=\"#elementor-action%3Aaction%3Dlightbox%26settings%3DeyJpZCI6MTc5OCwidXJsIjoiaHR0cHM6XC9cL3NraWphbGlzdGEubWVcL3dwLWNvbnRlbnRcL3VwbG9hZHNcL0tvbGFzaW4tMTYwMC0xMTEtc2NhbGVkLmpwZyIsInNsaWRlc2hvdyI6ImFsbC03Zjc0OGZjIn0%3D\">\n\t\t\t\t\t<div class=\"e-gallery-image elementor-gallery-item__image\" data-thumbnail=\"https:\/\/skijalista.me\/wp-content\/uploads\/Kolasin-1600-111-scaled.jpg\" data-width=\"2560\" data-height=\"1707\" alt=\"\" ><\/div>\n\t\t\t\t\t\t\t\t\t\t\t<div class=\"elementor-gallery-item__overlay\"><\/div>\n\t\t\t\t\t\t\t\t\t\t\t\t\t\t<\/a>\n\t\t\t\t\t\t\t<a class=\"e-gallery-item elementor-gallery-item elementor-animated-content\" href=\"https:\/\/skijalista.me\/wp-content\/uploads\/Kolasin-1600-118-scaled.jpg\" data-elementor-open-lightbox=\"yes\" data-elementor-lightbox-slideshow=\"all-7f748fc\" data-elementor-lightbox-title=\"Kolasin 1600-118\" data-e-action-hash=\"#elementor-action%3Aaction%3Dlightbox%26settings%3DeyJpZCI6MTgwMiwidXJsIjoiaHR0cHM6XC9cL3NraWphbGlzdGEubWVcL3dwLWNvbnRlbnRcL3VwbG9hZHNcL0tvbGFzaW4tMTYwMC0xMTgtc2NhbGVkLmpwZyIsInNsaWRlc2hvdyI6ImFsbC03Zjc0OGZjIn0%3D\">\n\t\t\t\t\t<div class=\"e-gallery-image elementor-gallery-item__image\" data-thumbnail=\"https:\/\/skijalista.me\/wp-content\/uploads\/Kolasin-1600-118-scaled.jpg\" data-width=\"2560\" data-height=\"1706\" alt=\"\" ><\/div>\n\t\t\t\t\t\t\t\t\t\t\t<div class=\"elementor-gallery-item__overlay\"><\/div>\n\t\t\t\t\t\t\t\t\t\t\t\t\t\t<\/a>\n\t\t\t\t\t\t\t<a class=\"e-gallery-item elementor-gallery-item elementor-animated-content\" href=\"https:\/\/skijalista.me\/wp-content\/uploads\/Kolasin-1600-124-scaled.jpg\" data-elementor-open-lightbox=\"yes\" data-elementor-lightbox-slideshow=\"all-7f748fc\" data-elementor-lightbox-title=\"Kolasin 1600-124\" data-e-action-hash=\"#elementor-action%3Aaction%3Dlightbox%26settings%3DeyJpZCI6MTgwNCwidXJsIjoiaHR0cHM6XC9cL3NraWphbGlzdGEubWVcL3dwLWNvbnRlbnRcL3VwbG9hZHNcL0tvbGFzaW4tMTYwMC0xMjQtc2NhbGVkLmpwZyIsInNsaWRlc2hvdyI6ImFsbC03Zjc0OGZjIn0%3D\">\n\t\t\t\t\t<div class=\"e-gallery-image elementor-gallery-item__image\" data-thumbnail=\"https:\/\/skijalista.me\/wp-content\/uploads\/Kolasin-1600-124-scaled.jpg\" data-width=\"2560\" data-height=\"1440\" alt=\"\" ><\/div>\n\t\t\t\t\t\t\t\t\t\t\t<div class=\"elementor-gallery-item__overlay\"><\/div>\n\t\t\t\t\t\t\t\t\t\t\t\t\t\t<\/a>\n\t\t\t\t\t\t\t<a class=\"e-gallery-item elementor-gallery-item elementor-animated-content\" href=\"https:\/\/skijalista.me\/wp-content\/uploads\/Kolasin-1600-126-scaled.jpg\" data-elementor-open-lightbox=\"yes\" data-elementor-lightbox-slideshow=\"all-7f748fc\" data-elementor-lightbox-title=\"Kolasin 1600-126\" data-e-action-hash=\"#elementor-action%3Aaction%3Dlightbox%26settings%3DeyJpZCI6MTgwNiwidXJsIjoiaHR0cHM6XC9cL3NraWphbGlzdGEubWVcL3dwLWNvbnRlbnRcL3VwbG9hZHNcL0tvbGFzaW4tMTYwMC0xMjYtc2NhbGVkLmpwZyIsInNsaWRlc2hvdyI6ImFsbC03Zjc0OGZjIn0%3D\">\n\t\t\t\t\t<div class=\"e-gallery-image elementor-gallery-item__image\" data-thumbnail=\"https:\/\/skijalista.me\/wp-content\/uploads\/Kolasin-1600-126-scaled.jpg\" data-width=\"2560\" data-height=\"1707\" alt=\"\" ><\/div>\n\t\t\t\t\t\t\t\t\t\t\t<div class=\"elementor-gallery-item__overlay\"><\/div>\n\t\t\t\t\t\t\t\t\t\t\t\t\t\t<\/a>\n\t\t\t\t\t<\/div>\n\t\t\t\t\t<\/div>\n\t\t\t\t<\/div>\n\t\t\t\t\t<\/div>\n\t\t<\/div>\n\t\t\t\t\t<\/div>\n\t\t<\/section>\n\t\t\t\t<\/div>\n\t\t","protected":false},"excerpt":{"rendered":"<p>Vo\u017enja motornim sankama predstavlja pravi izazov za sve ljubitelje aktivnog turizma. Mo\u017eete se voziti predjelima Sinjajevine i Bjelasice i iskusiti nezaboravne trenutke. Na taj na\u010din \u0107ete upoznati planine iz jedne druge perspektive. Do\u017eivje\u0107ete prelijepe poglede na skrivene djelove planina koji su nedostupni skija\u0161ima i \u0161eta\u010dima. Vo\u017enju mo\u017eete kombinovati sa turnim skijanjem, nordijskim disciplinama i boravkom [&hellip;]<\/p>\n","protected":false},"author":1,"featured_media":0,"parent":2034,"menu_order":0,"comment_status":"closed","ping_status":"closed","template":"elementor_header_footer","meta":{"_acf_changed":false,"_seopress_robots_primary_cat":"","_seopress_titles_title":"","_seopress_titles_desc":"","_seopress_robots_index":"","footnotes":""},"class_list":["post-2026","page","type-page","status-publish","hentry"],"acf":[],"_links":{"self":[{"href":"https:\/\/skijalista.me\/me\/wp-json\/wp\/v2\/pages\/2026","targetHints":{"allow":["GET"]}}],"collection":[{"href":"https:\/\/skijalista.me\/me\/wp-json\/wp\/v2\/pages"}],"about":[{"href":"https:\/\/skijalista.me\/me\/wp-json\/wp\/v2\/types\/page"}],"author":[{"embeddable":true,"href":"https:\/\/skijalista.me\/me\/wp-json\/wp\/v2\/users\/1"}],"replies":[{"embeddable":true,"href":"https:\/\/skijalista.me\/me\/wp-json\/wp\/v2\/comments?post=2026"}],"version-history":[{"count":0,"href":"https:\/\/skijalista.me\/me\/wp-json\/wp\/v2\/pages\/2026\/revisions"}],"up":[{"embeddable":true,"href":"https:\/\/skijalista.me\/me\/wp-json\/wp\/v2\/pages\/2034"}],"wp:attachment":[{"href":"https:\/\/skijalista.me\/me\/wp-json\/wp\/v2\/media?parent=2026"}],"curies":[{"name":"wp","href":"https:\/\/api.w.org\/{rel}","templated":true}]}}