{"id":2030,"date":"2022-03-05T16:47:24","date_gmt":"2022-03-05T15:47:24","guid":{"rendered":"https:\/\/skijalista.me\/zimski-hajking\/"},"modified":"2022-03-12T10:56:31","modified_gmt":"2022-03-12T09:56:31","slug":"zimski-hajking","status":"publish","type":"page","link":"https:\/\/skijalista.me\/me\/aktivnosti\/zimski-hajking\/","title":{"rendered":"Zimski hajking"},"content":{"rendered":"\t\t<div data-elementor-type=\"wp-page\" data-elementor-id=\"2030\" class=\"elementor elementor-2030 elementor-45\">\n\t\t\t\t\t\t<section class=\"elementor-section elementor-top-section elementor-element elementor-element-d87ad08 elementor-section-height-min-height elementor-section-items-bottom elementor-section-boxed elementor-section-height-default\" data-id=\"d87ad08\" data-element_type=\"section\" data-settings=\"{&quot;background_background&quot;:&quot;classic&quot;,&quot;jet_parallax_layout_list&quot;:[]}\">\n\t\t\t\t\t\t\t<div class=\"elementor-background-overlay\"><\/div>\n\t\t\t\t\t\t\t<div class=\"elementor-container elementor-column-gap-wide\">\n\t\t\t\t\t<div class=\"elementor-column elementor-col-100 elementor-top-column elementor-element elementor-element-22bdfa9\" data-id=\"22bdfa9\" data-element_type=\"column\">\n\t\t\t<div class=\"elementor-widget-wrap elementor-element-populated\">\n\t\t\t\t\t\t\t<\/div>\n\t\t<\/div>\n\t\t\t\t\t<\/div>\n\t\t<\/section>\n\t\t\t\t<section class=\"elementor-section elementor-top-section elementor-element elementor-element-491d0c2 elementor-section-boxed elementor-section-height-default elementor-section-height-default\" data-id=\"491d0c2\" data-element_type=\"section\" data-settings=\"{&quot;jet_parallax_layout_list&quot;:[]}\">\n\t\t\t\t\t\t<div class=\"elementor-container elementor-column-gap-wide\">\n\t\t\t\t\t<div class=\"elementor-column elementor-col-100 elementor-top-column elementor-element elementor-element-d0e44e1\" data-id=\"d0e44e1\" data-element_type=\"column\">\n\t\t\t<div class=\"elementor-widget-wrap elementor-element-populated\">\n\t\t\t\t\t\t<div class=\"elementor-element elementor-element-b0233fd elementor-widget elementor-widget-text-editor\" data-id=\"b0233fd\" data-element_type=\"widget\" data-widget_type=\"text-editor.default\">\n\t\t\t\t<div class=\"elementor-widget-container\">\n\t\t\t\t\t\t\t\t\t<p>Crna Gora je mala zemlja na Balkanu, ali uprkos svojoj veli\u010dini ima nevjerovatnu geografsku raznolikost. Za sve ljubitelje hikinga, Crna Gora \u0107e se pokazati kao pravi favorit i pru\u017eiti nezaboravnu avanturu osvajaju\u0107i vrhove Bjelasice, Durmitora, Sinjajevine, Komova, Lov\u0107ena i drugih planina. Planinski masiv Bjelasice karakteri\u0161u blagi, okrugli vrhovi i travnjaci, dok velike i duboke \u0161ume na njegovim obroncima kriju nekoliko ledni\u010dkih jezera od kojih je Biogradsko jezero srce nacionalnog parka Biogradska gora. Komovi su tre\u0107i najviso\u010diji planinski masiv u Crnoj Gori. Poznat je po izuzetno lijepim planinskim vrhovima koji su uglavnom dostupni tokom cijele godine. Durmitor je najpoznatiji planinski masiv u Crnoj Gori sa vi\u0161e od 40 vrhova iznad 2.000 metara i 18 jezera, mnogo kilometara planinskih staza i brojnim strmim stjenovitim zidovima, i planina pripada Nacionalnom Parku Durmitor, koji je pod za\u0161titom UNESCO-a. Ovaj planinski masiv ima mnogo toga za ponuditi, od laganih hiking tura, zahtjevnijih cjelodnevnih hiking tura, avanturisti\u010dkog penjanja na strmim visokim zidovima planina do skija\u0161kih izleta na netaknutom snijegu. Ova aktivnost je pogodna kako za individualce tako i za grupe.<\/p>\t\t\t\t\t\t\t\t<\/div>\n\t\t\t\t<\/div>\n\t\t\t\t\t<\/div>\n\t\t<\/div>\n\t\t\t\t\t<\/div>\n\t\t<\/section>\n\t\t\t\t<\/div>\n\t\t","protected":false},"excerpt":{"rendered":"<p>Crna Gora je mala zemlja na Balkanu, ali uprkos svojoj veli\u010dini ima nevjerovatnu geografsku raznolikost. Za sve ljubitelje hikinga, Crna Gora \u0107e se pokazati kao pravi favorit i pru\u017eiti nezaboravnu avanturu osvajaju\u0107i vrhove Bjelasice, Durmitora, Sinjajevine, Komova, Lov\u0107ena i drugih planina. Planinski masiv Bjelasice karakteri\u0161u blagi, okrugli vrhovi i travnjaci, dok velike i duboke \u0161ume [&hellip;]<\/p>\n","protected":false},"author":1,"featured_media":0,"parent":2034,"menu_order":0,"comment_status":"closed","ping_status":"closed","template":"elementor_header_footer","meta":{"_acf_changed":false,"_seopress_robots_primary_cat":"","_seopress_titles_title":"","_seopress_titles_desc":"","_seopress_robots_index":"","footnotes":""},"class_list":["post-2030","page","type-page","status-publish","hentry"],"acf":[],"_links":{"self":[{"href":"https:\/\/skijalista.me\/me\/wp-json\/wp\/v2\/pages\/2030","targetHints":{"allow":["GET"]}}],"collection":[{"href":"https:\/\/skijalista.me\/me\/wp-json\/wp\/v2\/pages"}],"about":[{"href":"https:\/\/skijalista.me\/me\/wp-json\/wp\/v2\/types\/page"}],"author":[{"embeddable":true,"href":"https:\/\/skijalista.me\/me\/wp-json\/wp\/v2\/users\/1"}],"replies":[{"embeddable":true,"href":"https:\/\/skijalista.me\/me\/wp-json\/wp\/v2\/comments?post=2030"}],"version-history":[{"count":0,"href":"https:\/\/skijalista.me\/me\/wp-json\/wp\/v2\/pages\/2030\/revisions"}],"up":[{"embeddable":true,"href":"https:\/\/skijalista.me\/me\/wp-json\/wp\/v2\/pages\/2034"}],"wp:attachment":[{"href":"https:\/\/skijalista.me\/me\/wp-json\/wp\/v2\/media?parent=2030"}],"curies":[{"name":"wp","href":"https:\/\/api.w.org\/{rel}","templated":true}]}}