{"id":2032,"date":"2022-03-05T16:47:39","date_gmt":"2022-03-05T15:47:39","guid":{"rendered":"https:\/\/skijalista.me\/turno-skijanje\/"},"modified":"2022-03-12T10:57:10","modified_gmt":"2022-03-12T09:57:10","slug":"turno-skijanje","status":"publish","type":"page","link":"https:\/\/skijalista.me\/me\/aktivnosti\/turno-skijanje\/","title":{"rendered":"Turno skijanje"},"content":{"rendered":"\t\t<div data-elementor-type=\"wp-page\" data-elementor-id=\"2032\" class=\"elementor elementor-2032 elementor-48\">\n\t\t\t\t\t\t<section class=\"elementor-section elementor-top-section elementor-element elementor-element-2083e55 elementor-section-height-min-height elementor-section-items-bottom elementor-section-boxed elementor-section-height-default\" data-id=\"2083e55\" data-element_type=\"section\" data-settings=\"{&quot;background_background&quot;:&quot;classic&quot;,&quot;jet_parallax_layout_list&quot;:[]}\">\n\t\t\t\t\t\t\t<div class=\"elementor-background-overlay\"><\/div>\n\t\t\t\t\t\t\t<div class=\"elementor-container elementor-column-gap-wide\">\n\t\t\t\t\t<div class=\"elementor-column elementor-col-100 elementor-top-column elementor-element elementor-element-6794b0d\" data-id=\"6794b0d\" data-element_type=\"column\">\n\t\t\t<div class=\"elementor-widget-wrap elementor-element-populated\">\n\t\t\t\t\t\t\t<\/div>\n\t\t<\/div>\n\t\t\t\t\t<\/div>\n\t\t<\/section>\n\t\t\t\t<section class=\"elementor-section elementor-top-section elementor-element elementor-element-8a6b74e elementor-section-boxed elementor-section-height-default elementor-section-height-default\" data-id=\"8a6b74e\" data-element_type=\"section\" data-settings=\"{&quot;jet_parallax_layout_list&quot;:[]}\">\n\t\t\t\t\t\t<div class=\"elementor-container elementor-column-gap-wide\">\n\t\t\t\t\t<div class=\"elementor-column elementor-col-100 elementor-top-column elementor-element elementor-element-5f6012b\" data-id=\"5f6012b\" data-element_type=\"column\">\n\t\t\t<div class=\"elementor-widget-wrap elementor-element-populated\">\n\t\t\t\t\t\t<div class=\"elementor-element elementor-element-611d050 elementor-widget elementor-widget-text-editor\" data-id=\"611d050\" data-element_type=\"widget\" data-widget_type=\"text-editor.default\">\n\t\t\t\t<div class=\"elementor-widget-container\">\n\t\t\t\t\t\t\t\t\t<p>Turno skijanje je pravi do\u017eivljaj koji uklju\u010duje kako penjanje tako i spu\u0161tanje i na taj na\u010din povezuje planinarenje i skijanje u prirodnom ambijentu. Pri turiranju se upotrebljava specijalna turnoskija\u0161ka oprema koja omogu\u0107ava jednostavno i efikasno penjanje sa skijama na nogama. Tokom ture mo\u017eete povezivati jedan ili vi\u0161e vrhova Bjelasice, u zavisnosti od kondicije i trenutnih snije\u017enih uslova, a zatim sa vrha odskijati u dolinu. Ova aktivnost je pogodna kako za individualce tako i za grupe.<\/p>\t\t\t\t\t\t\t\t<\/div>\n\t\t\t\t<\/div>\n\t\t\t\t\t<\/div>\n\t\t<\/div>\n\t\t\t\t\t<\/div>\n\t\t<\/section>\n\t\t\t\t<\/div>\n\t\t","protected":false},"excerpt":{"rendered":"<p>Turno skijanje je pravi do\u017eivljaj koji uklju\u010duje kako penjanje tako i spu\u0161tanje i na taj na\u010din povezuje planinarenje i skijanje u prirodnom ambijentu. Pri turiranju se upotrebljava specijalna turnoskija\u0161ka oprema koja omogu\u0107ava jednostavno i efikasno penjanje sa skijama na nogama. Tokom ture mo\u017eete povezivati jedan ili vi\u0161e vrhova Bjelasice, u zavisnosti od kondicije i trenutnih [&hellip;]<\/p>\n","protected":false},"author":1,"featured_media":0,"parent":2034,"menu_order":0,"comment_status":"closed","ping_status":"closed","template":"elementor_header_footer","meta":{"_acf_changed":false,"_seopress_robots_primary_cat":"","_seopress_titles_title":"","_seopress_titles_desc":"","_seopress_robots_index":"","footnotes":""},"class_list":["post-2032","page","type-page","status-publish","hentry"],"acf":[],"_links":{"self":[{"href":"https:\/\/skijalista.me\/me\/wp-json\/wp\/v2\/pages\/2032","targetHints":{"allow":["GET"]}}],"collection":[{"href":"https:\/\/skijalista.me\/me\/wp-json\/wp\/v2\/pages"}],"about":[{"href":"https:\/\/skijalista.me\/me\/wp-json\/wp\/v2\/types\/page"}],"author":[{"embeddable":true,"href":"https:\/\/skijalista.me\/me\/wp-json\/wp\/v2\/users\/1"}],"replies":[{"embeddable":true,"href":"https:\/\/skijalista.me\/me\/wp-json\/wp\/v2\/comments?post=2032"}],"version-history":[{"count":0,"href":"https:\/\/skijalista.me\/me\/wp-json\/wp\/v2\/pages\/2032\/revisions"}],"up":[{"embeddable":true,"href":"https:\/\/skijalista.me\/me\/wp-json\/wp\/v2\/pages\/2034"}],"wp:attachment":[{"href":"https:\/\/skijalista.me\/me\/wp-json\/wp\/v2\/media?parent=2032"}],"curies":[{"name":"wp","href":"https:\/\/api.w.org\/{rel}","templated":true}]}}