{"id":2039,"date":"2022-03-05T16:43:21","date_gmt":"2022-03-05T15:43:21","guid":{"rendered":"https:\/\/skijalista.me\/o-nama\/"},"modified":"2024-11-28T09:05:06","modified_gmt":"2024-11-28T08:05:06","slug":"o-nama","status":"publish","type":"page","link":"https:\/\/skijalista.me\/me\/o-nama\/","title":{"rendered":"O nama"},"content":{"rendered":"\t\t<div data-elementor-type=\"wp-page\" data-elementor-id=\"2039\" class=\"elementor elementor-2039 elementor-22\">\n\t\t\t\t\t\t<section class=\"elementor-section elementor-top-section elementor-element elementor-element-f3f9b9f elementor-section-height-min-height elementor-section-items-bottom elementor-section-boxed elementor-section-height-default\" data-id=\"f3f9b9f\" data-element_type=\"section\" data-settings=\"{&quot;background_background&quot;:&quot;classic&quot;,&quot;jet_parallax_layout_list&quot;:[]}\">\n\t\t\t\t\t\t\t<div class=\"elementor-background-overlay\"><\/div>\n\t\t\t\t\t\t\t<div class=\"elementor-container elementor-column-gap-wide\">\n\t\t\t\t\t<div class=\"elementor-column elementor-col-100 elementor-top-column elementor-element elementor-element-91ed8d8\" data-id=\"91ed8d8\" data-element_type=\"column\">\n\t\t\t<div class=\"elementor-widget-wrap elementor-element-populated\">\n\t\t\t\t\t\t\t<\/div>\n\t\t<\/div>\n\t\t\t\t\t<\/div>\n\t\t<\/section>\n\t\t\t\t<section class=\"elementor-section elementor-top-section elementor-element elementor-element-8cede5e elementor-section-boxed elementor-section-height-default elementor-section-height-default\" data-id=\"8cede5e\" data-element_type=\"section\" data-settings=\"{&quot;jet_parallax_layout_list&quot;:[]}\">\n\t\t\t\t\t\t<div class=\"elementor-container elementor-column-gap-wide\">\n\t\t\t\t\t<div class=\"elementor-column elementor-col-50 elementor-top-column elementor-element elementor-element-9f21c71\" data-id=\"9f21c71\" data-element_type=\"column\">\n\t\t\t<div class=\"elementor-widget-wrap elementor-element-populated\">\n\t\t\t\t\t\t<div class=\"elementor-element elementor-element-ab7757b elementor-widget elementor-widget-image\" data-id=\"ab7757b\" data-element_type=\"widget\" data-widget_type=\"image.default\">\n\t\t\t\t<div class=\"elementor-widget-container\">\n\t\t\t\t\t\t\t\t\t\t\t\t\t\t\t<img fetchpriority=\"high\" decoding=\"async\" width=\"1920\" height=\"1278\" src=\"https:\/\/skijalista.me\/wp-content\/uploads\/BG4_9212-Edit-1-scaled.jpg\" class=\"attachment-full size-full wp-image-1695\" alt=\"\" srcset=\"https:\/\/skijalista.me\/wp-content\/uploads\/BG4_9212-Edit-1-scaled.jpg 1920w, https:\/\/skijalista.me\/wp-content\/uploads\/BG4_9212-Edit-1-600x399.jpg 600w, https:\/\/skijalista.me\/wp-content\/uploads\/BG4_9212-Edit-1-1024x682.jpg 1024w, https:\/\/skijalista.me\/wp-content\/uploads\/BG4_9212-Edit-1-768x511.jpg 768w, https:\/\/skijalista.me\/wp-content\/uploads\/BG4_9212-Edit-1-1536x1022.jpg 1536w, https:\/\/skijalista.me\/wp-content\/uploads\/BG4_9212-Edit-1-2048x1363.jpg 2048w\" sizes=\"(max-width: 1920px) 100vw, 1920px\" \/>\t\t\t\t\t\t\t\t\t\t\t\t\t\t\t<\/div>\n\t\t\t\t<\/div>\n\t\t\t\t<div class=\"elementor-element elementor-element-9b9bff2 elementor-widget elementor-widget-text-editor\" data-id=\"9b9bff2\" data-element_type=\"widget\" data-widget_type=\"text-editor.default\">\n\t\t\t\t<div class=\"elementor-widget-container\">\n\t\t\t\t\t\t\t\t\t<strong>&#8220;Skijali\u0161ta Crne Gore&#8221;<\/strong> je kompanija osnovana za upravljanje skijali\u0161tima: Kola\u0161in 1600, koje je ve\u0107 izgra\u0111eno, ski centrima Cmilja\u010da, \u017darski \u010dija je izgradnja u toku, a zatim i ski centrima koji \u0107e se tek graditi: Torine, Jelovica, planinskim centrom Komovi i Eko-avanturisti\u010dkim parkom Komovi. Generalni koncept razvoja Skijali\u0161ta Crne Gore ogleda se u valorizaciji postoje\u0107ih aktivnih ski centara i izgradnji novih ski centara na podru\u010dju Bjelasice i Komova.\t\t\t\t\t\t\t\t<\/div>\n\t\t\t\t<\/div>\n\t\t\t\t\t<\/div>\n\t\t<\/div>\n\t\t\t\t<div class=\"elementor-column elementor-col-50 elementor-top-column elementor-element elementor-element-e80269d\" data-id=\"e80269d\" data-element_type=\"column\">\n\t\t\t<div class=\"elementor-widget-wrap elementor-element-populated\">\n\t\t\t\t\t\t<div class=\"elementor-element elementor-element-52c315c elementor-widget elementor-widget-image\" data-id=\"52c315c\" data-element_type=\"widget\" data-widget_type=\"image.default\">\n\t\t\t\t<div class=\"elementor-widget-container\">\n\t\t\t\t\t\t\t\t\t\t\t\t\t\t\t<img decoding=\"async\" width=\"1920\" height=\"1280\" src=\"https:\/\/skijalista.me\/wp-content\/uploads\/Kolasin-1600-135.jpg\" class=\"attachment-full size-full wp-image-1736\" alt=\"\" srcset=\"https:\/\/skijalista.me\/wp-content\/uploads\/Kolasin-1600-135.jpg 1920w, https:\/\/skijalista.me\/wp-content\/uploads\/Kolasin-1600-135-600x400.jpg 600w, https:\/\/skijalista.me\/wp-content\/uploads\/Kolasin-1600-135-1024x683.jpg 1024w, https:\/\/skijalista.me\/wp-content\/uploads\/Kolasin-1600-135-768x512.jpg 768w, https:\/\/skijalista.me\/wp-content\/uploads\/Kolasin-1600-135-1536x1024.jpg 1536w\" sizes=\"(max-width: 1920px) 100vw, 1920px\" \/>\t\t\t\t\t\t\t\t\t\t\t\t\t\t\t<\/div>\n\t\t\t\t<\/div>\n\t\t\t\t<div class=\"elementor-element elementor-element-07d469c elementor-widget elementor-widget-text-editor\" data-id=\"07d469c\" data-element_type=\"widget\" data-widget_type=\"text-editor.default\">\n\t\t\t\t<div class=\"elementor-widget-container\">\n\t\t\t\t\t\t\t\t\tProstornim planom posebne namjene za Bjelasicu i Komove planirana je izgradnja baznih naselja u podno\u017eju ski centara. Prema planu su predvi\u0111ena ukupno 224 kilometra ski staza na Bjelasici koje \u0107e biti pokrivene sa 52 lifta\/\u017ei\u010dare, a na kojima je planirano da budu izgra\u0111ena 53 hotela, 23 pansionska hotela apartmanskog tipa (kondo hoteli, apartmani i sl.), jedan hostel i jedan planinarski dom. Formiranje \u201cSkijali\u0161ta Crne Gore\u201d klju\u010dna je pretpostavka za pokretanje i uspje\u0161no upravljanje lokalitetima na kojima su u prethodnom periodu ulo\u017eena zna\u010dajna sredstva u infrastrukturne objekte.\t\t\t\t\t\t\t\t<\/div>\n\t\t\t\t<\/div>\n\t\t\t\t\t<\/div>\n\t\t<\/div>\n\t\t\t\t\t<\/div>\n\t\t<\/section>\n\t\t\t\t<section class=\"elementor-section elementor-top-section elementor-element elementor-element-3ba6296 elementor-section-content-middle elementor-reverse-tablet elementor-reverse-mobile elementor-section-boxed elementor-section-height-default elementor-section-height-default\" data-id=\"3ba6296\" data-element_type=\"section\" data-settings=\"{&quot;jet_parallax_layout_list&quot;:[]}\">\n\t\t\t\t\t\t<div class=\"elementor-container elementor-column-gap-wide\">\n\t\t\t\t\t<div class=\"elementor-column elementor-col-50 elementor-top-column elementor-element elementor-element-aa8763d\" data-id=\"aa8763d\" data-element_type=\"column\">\n\t\t\t<div class=\"elementor-widget-wrap elementor-element-populated\">\n\t\t\t\t\t\t<div class=\"elementor-element elementor-element-2a25c9d elementor-widget elementor-widget-heading\" data-id=\"2a25c9d\" data-element_type=\"widget\" data-widget_type=\"heading.default\">\n\t\t\t\t<div class=\"elementor-widget-container\">\n\t\t\t\t\t<h4 class=\"elementor-heading-title elementor-size-default\">Ljeto na Bjelasici<\/h4>\t\t\t\t<\/div>\n\t\t\t\t<\/div>\n\t\t\t\t<div class=\"elementor-element elementor-element-74a1b64 elementor-widget elementor-widget-text-editor\" data-id=\"74a1b64\" data-element_type=\"widget\" data-widget_type=\"text-editor.default\">\n\t\t\t\t<div class=\"elementor-widget-container\">\n\t\t\t\t\t\t\t\t\tCrna Gora, jedina zemlja na svijetu koja u svom nazivu ima rije\u010d \u201eplanina\u201c opravdano nosi ovo ime, budu\u0107i da se vi\u0161e od 60% njene teritorije nalazi na nadmorskoj visini iznad 1000m. Jedna od najljep\u0161ih crnogorskih planina je Bjelasica, koja je u svom podno\u017eju okru\u017eena gradovima: Kola\u0161in, Mojkovac, Bijelo Polje, Berane. U tom \u010darobnom ambijentu Skijali\u0161ta Crne Gore na najljep\u0161i na\u010din valorizuju potencijale netaknute prirode, parkova, planinskih vrhova, rijeka, jezera&#8230;\t\t\t\t\t\t\t\t<\/div>\n\t\t\t\t<\/div>\n\t\t\t\t\t<\/div>\n\t\t<\/div>\n\t\t\t\t<div class=\"elementor-column elementor-col-50 elementor-top-column elementor-element elementor-element-3bc141d\" data-id=\"3bc141d\" data-element_type=\"column\">\n\t\t\t<div class=\"elementor-widget-wrap elementor-element-populated\">\n\t\t\t\t\t\t<div class=\"elementor-element elementor-element-f13bb84 elementor-widget elementor-widget-image\" data-id=\"f13bb84\" data-element_type=\"widget\" data-widget_type=\"image.default\">\n\t\t\t\t<div class=\"elementor-widget-container\">\n\t\t\t\t\t\t\t\t\t\t\t\t\t\t\t<img decoding=\"async\" width=\"1920\" height=\"1280\" src=\"https:\/\/skijalista.me\/wp-content\/uploads\/ljeto_na_bjelasici_1.jpg\" class=\"attachment-full size-full wp-image-2406\" alt=\"\" srcset=\"https:\/\/skijalista.me\/wp-content\/uploads\/ljeto_na_bjelasici_1.jpg 1920w, https:\/\/skijalista.me\/wp-content\/uploads\/ljeto_na_bjelasici_1-600x400.jpg 600w, https:\/\/skijalista.me\/wp-content\/uploads\/ljeto_na_bjelasici_1-1024x683.jpg 1024w, https:\/\/skijalista.me\/wp-content\/uploads\/ljeto_na_bjelasici_1-768x512.jpg 768w, https:\/\/skijalista.me\/wp-content\/uploads\/ljeto_na_bjelasici_1-1536x1024.jpg 1536w\" sizes=\"(max-width: 1920px) 100vw, 1920px\" \/>\t\t\t\t\t\t\t\t\t\t\t\t\t\t\t<\/div>\n\t\t\t\t<\/div>\n\t\t\t\t\t<\/div>\n\t\t<\/div>\n\t\t\t\t\t<\/div>\n\t\t<\/section>\n\t\t\t\t<section class=\"elementor-section elementor-top-section elementor-element elementor-element-4e38a4b elementor-section-content-middle elementor-section-boxed elementor-section-height-default elementor-section-height-default\" data-id=\"4e38a4b\" data-element_type=\"section\" data-settings=\"{&quot;jet_parallax_layout_list&quot;:[]}\">\n\t\t\t\t\t\t<div class=\"elementor-container elementor-column-gap-wide\">\n\t\t\t\t\t<div class=\"elementor-column elementor-col-50 elementor-top-column elementor-element elementor-element-a2c8e3e\" data-id=\"a2c8e3e\" data-element_type=\"column\">\n\t\t\t<div class=\"elementor-widget-wrap elementor-element-populated\">\n\t\t\t\t\t\t<div class=\"elementor-element elementor-element-8b611f5 elementor-widget elementor-widget-image\" data-id=\"8b611f5\" data-element_type=\"widget\" data-widget_type=\"image.default\">\n\t\t\t\t<div class=\"elementor-widget-container\">\n\t\t\t\t\t\t\t\t\t\t\t\t\t\t\t<img loading=\"lazy\" decoding=\"async\" width=\"1920\" height=\"1280\" src=\"https:\/\/skijalista.me\/wp-content\/uploads\/ljeto_na_bjelasici_21.jpg\" class=\"attachment-full size-full wp-image-2402\" alt=\"\" srcset=\"https:\/\/skijalista.me\/wp-content\/uploads\/ljeto_na_bjelasici_21.jpg 1920w, https:\/\/skijalista.me\/wp-content\/uploads\/ljeto_na_bjelasici_21-600x400.jpg 600w, https:\/\/skijalista.me\/wp-content\/uploads\/ljeto_na_bjelasici_21-1024x683.jpg 1024w, https:\/\/skijalista.me\/wp-content\/uploads\/ljeto_na_bjelasici_21-768x512.jpg 768w, https:\/\/skijalista.me\/wp-content\/uploads\/ljeto_na_bjelasici_21-1536x1024.jpg 1536w\" sizes=\"(max-width: 1920px) 100vw, 1920px\" \/>\t\t\t\t\t\t\t\t\t\t\t\t\t\t\t<\/div>\n\t\t\t\t<\/div>\n\t\t\t\t\t<\/div>\n\t\t<\/div>\n\t\t\t\t<div class=\"elementor-column elementor-col-50 elementor-top-column elementor-element elementor-element-1af59a5\" data-id=\"1af59a5\" data-element_type=\"column\">\n\t\t\t<div class=\"elementor-widget-wrap elementor-element-populated\">\n\t\t\t\t\t\t<div class=\"elementor-element elementor-element-4d34339 elementor-widget elementor-widget-text-editor\" data-id=\"4d34339\" data-element_type=\"widget\" data-widget_type=\"text-editor.default\">\n\t\t\t\t<div class=\"elementor-widget-container\">\n\t\t\t\t\t\t\t\t\tSki centar Kola\u0161in 1600 je ve\u0107 kvalitetno pozicioniran na mapi svih ljubitelja snije\u017enih sportova. Me\u0111utim, ovaj centar se sa pravom mo\u017ee nazvati i centralna ta\u010dka ljetnje ponude na crnogorskim planinama. Bazna stanica nalazi se na 1600m nadmorske visine. Na ovom lokalitetu nalazi se restoran i cafe bar \u201eTroglava\u201c, gdje u svako doba godine mo\u017eete isprobati nacionalna jela bjelasi\u010dkih krajeva i internacionalne specijalitete i osvje\u017eiti se toplim i hladnim pi\u0107ima, najmla\u0111i posjetioci \u0107e se zabaviti u igraonici na svje\u017eem vazduhu \u201eBambi\u201c koja se prostire na preko 300m2.\t\t\t\t\t\t\t\t<\/div>\n\t\t\t\t<\/div>\n\t\t\t\t\t<\/div>\n\t\t<\/div>\n\t\t\t\t\t<\/div>\n\t\t<\/section>\n\t\t\t\t<section class=\"elementor-section elementor-top-section elementor-element elementor-element-e58eb1d elementor-section-content-middle elementor-reverse-tablet elementor-reverse-mobile elementor-section-boxed elementor-section-height-default elementor-section-height-default\" data-id=\"e58eb1d\" data-element_type=\"section\" data-settings=\"{&quot;jet_parallax_layout_list&quot;:[]}\">\n\t\t\t\t\t\t<div class=\"elementor-container elementor-column-gap-wide\">\n\t\t\t\t\t<div class=\"elementor-column elementor-col-50 elementor-top-column elementor-element elementor-element-2d9db48\" data-id=\"2d9db48\" data-element_type=\"column\">\n\t\t\t<div class=\"elementor-widget-wrap elementor-element-populated\">\n\t\t\t\t\t\t<div class=\"elementor-element elementor-element-01c7551 elementor-widget elementor-widget-text-editor\" data-id=\"01c7551\" data-element_type=\"widget\" data-widget_type=\"text-editor.default\">\n\t\t\t\t<div class=\"elementor-widget-container\">\n\t\t\t\t\t\t\t\t\tOvo je ujedno i polazna ta\u010dka \u017ei\u010dare Troglava. Bajkovita panoramska vo\u017enja i u\u017eivanje u predjelima planine u ti\u0161ini vodi do 2035m nadmorske visine. Na izlaznoj stanici do\u010dekuje vas blago koje \u0107ete nositi svuda sa sobom kada pomislite na mir, beskrajno prostranstvo, pogled na gorostasne planine me\u0111u kojima su: Komovi, Prokletije, Durmitor, Sinjajevina, Kopaonik, \u0160ar planina, Jahorina, Bjela\u0161nica&#8230;\r\n\r\nTokom vrelih ljetnjih mjeseci, u oazi okru\u017eenoj \u010detinarima organizujemo razne vrste sportsko &#8211; kulturnih manifestscija. Neke od njih su: turnir u ko\u0161arci u organizaciji 3&#215;3, Teqball takmi\u010denja, tradicionalni maraton Bjelasica Ultra Trail, sajam oldtajmera, pazarni dan, bioskop na otvorenom, likovne kolonije, knji\u017eevne ve\u010deri i mnoge druge.\t\t\t\t\t\t\t\t<\/div>\n\t\t\t\t<\/div>\n\t\t\t\t\t<\/div>\n\t\t<\/div>\n\t\t\t\t<div class=\"elementor-column elementor-col-50 elementor-top-column elementor-element elementor-element-8aea1e0\" data-id=\"8aea1e0\" data-element_type=\"column\">\n\t\t\t<div class=\"elementor-widget-wrap elementor-element-populated\">\n\t\t\t\t\t\t<div class=\"elementor-element elementor-element-b32e190 elementor-widget elementor-widget-image\" data-id=\"b32e190\" data-element_type=\"widget\" data-widget_type=\"image.default\">\n\t\t\t\t<div class=\"elementor-widget-container\">\n\t\t\t\t\t\t\t\t\t\t\t\t\t\t\t<img loading=\"lazy\" decoding=\"async\" width=\"1920\" height=\"1280\" src=\"https:\/\/skijalista.me\/wp-content\/uploads\/ljeto_na_bjelasici_19.jpg\" class=\"attachment-full size-full wp-image-2404\" alt=\"\" srcset=\"https:\/\/skijalista.me\/wp-content\/uploads\/ljeto_na_bjelasici_19.jpg 1920w, https:\/\/skijalista.me\/wp-content\/uploads\/ljeto_na_bjelasici_19-600x400.jpg 600w, https:\/\/skijalista.me\/wp-content\/uploads\/ljeto_na_bjelasici_19-1024x683.jpg 1024w, https:\/\/skijalista.me\/wp-content\/uploads\/ljeto_na_bjelasici_19-768x512.jpg 768w, https:\/\/skijalista.me\/wp-content\/uploads\/ljeto_na_bjelasici_19-1536x1024.jpg 1536w\" sizes=\"(max-width: 1920px) 100vw, 1920px\" \/>\t\t\t\t\t\t\t\t\t\t\t\t\t\t\t<\/div>\n\t\t\t\t<\/div>\n\t\t\t\t\t<\/div>\n\t\t<\/div>\n\t\t\t\t\t<\/div>\n\t\t<\/section>\n\t\t\t\t<section class=\"elementor-section elementor-top-section elementor-element elementor-element-341a68e elementor-section-boxed elementor-section-height-default elementor-section-height-default\" data-id=\"341a68e\" data-element_type=\"section\" data-settings=\"{&quot;jet_parallax_layout_list&quot;:[]}\">\n\t\t\t\t\t\t<div class=\"elementor-container elementor-column-gap-wide\">\n\t\t\t\t\t<div class=\"elementor-column elementor-col-100 elementor-top-column elementor-element elementor-element-c41f165\" data-id=\"c41f165\" data-element_type=\"column\">\n\t\t\t<div class=\"elementor-widget-wrap elementor-element-populated\">\n\t\t\t\t\t\t<div class=\"elementor-element elementor-element-bbad94e elementor-widget elementor-widget-heading\" data-id=\"bbad94e\" data-element_type=\"widget\" data-widget_type=\"heading.default\">\n\t\t\t\t<div class=\"elementor-widget-container\">\n\t\t\t\t\t<h2 class=\"elementor-heading-title elementor-size-default\">Zna\u010daj projekta<\/h2>\t\t\t\t<\/div>\n\t\t\t\t<\/div>\n\t\t\t\t<div class=\"elementor-element elementor-element-fc901e1 elementor-widget elementor-widget-text-editor\" data-id=\"fc901e1\" data-element_type=\"widget\" data-widget_type=\"text-editor.default\">\n\t\t\t\t<div class=\"elementor-widget-container\">\n\t\t\t\t\t\t\t\t\tCrna Gora, dr\u017eava prelijepog Jadrana koju krase rijeke sa jedinstvenim kanjonima, bistra jezera i ponosne planine, nedavno je na najljep\u0161i mogu\u0107i na\u010din pribli\u017eila more planini.\r\n\r\nLjepote Crne Gore turistima oduzimaju dah \u2013 pri prvom susretu svaki putnik vje\u010dno ostaje zaljubljen u nju. \u010cinjenica je da na\u0161a dr\u017eava ima velike turisti\u010dke razvojne potencijale, zbog \u010dega Vlada Crne Gore ulaganje u infrastrukturni razvoj sjevernog regiona svrstava u strate\u0161ke prioritete za razvoj zemlje.\r\n\r\nVlada Crne Gore svakodnevno radi na unaprije\u0111enju infrastukture kako bi se obezbijedila dostupnost svim skijali\u0161tima u na\u0161oj zemlji. Ono \u0161to je od posebnog zna\u010daja za cijeli ski rizort na Bjelasici jeste izgradnja auto-puta Bar\u2013Boljari, odnosno prioritetne dionice Podgorica\u2013Mate\u0161evo, kojom se do ski rizorta na Bjelasici sti\u017ee za pola sata od glavnog grada, odnosno za 45 minuta od aerodroma u Podgorici. Izgradnja prioritetne dionice koja je sve\u010dano otvorena 13. jula 2022. godine pru\u017eila je odli\u010dnu povezanost sa regionom.\t\t\t\t\t\t\t\t<\/div>\n\t\t\t\t<\/div>\n\t\t\t\t\t<\/div>\n\t\t<\/div>\n\t\t\t\t\t<\/div>\n\t\t<\/section>\n\t\t\t\t<section class=\"elementor-section elementor-top-section elementor-element elementor-element-56ed732 elementor-section-content-middle elementor-reverse-tablet elementor-reverse-mobile elementor-section-boxed elementor-section-height-default elementor-section-height-default\" data-id=\"56ed732\" data-element_type=\"section\" data-settings=\"{&quot;jet_parallax_layout_list&quot;:[]}\">\n\t\t\t\t\t\t<div class=\"elementor-container elementor-column-gap-wide\">\n\t\t\t\t\t<div class=\"elementor-column elementor-col-50 elementor-top-column elementor-element elementor-element-e0976a1\" data-id=\"e0976a1\" data-element_type=\"column\">\n\t\t\t<div class=\"elementor-widget-wrap elementor-element-populated\">\n\t\t\t\t\t\t<div class=\"elementor-element elementor-element-c02cb50 elementor-widget elementor-widget-heading\" data-id=\"c02cb50\" data-element_type=\"widget\" data-widget_type=\"heading.default\">\n\t\t\t\t<div class=\"elementor-widget-container\">\n\t\t\t\t\t<h4 class=\"elementor-heading-title elementor-size-default\">Kola\u0161in na pola sata vo\u017enje!<\/h4>\t\t\t\t<\/div>\n\t\t\t\t<\/div>\n\t\t\t\t<div class=\"elementor-element elementor-element-e4efd20 elementor-widget elementor-widget-text-editor\" data-id=\"e4efd20\" data-element_type=\"widget\" data-widget_type=\"text-editor.default\">\n\t\t\t\t<div class=\"elementor-widget-container\">\n\t\t\t\t\t\t\t\t\tNe smijemo zanemariti \u010dinjenicu da gosti koji dolaze sa dalekih tr\u017ei\u0161ta tokom svog boravaka u na\u0161oj zemlji uglavnom koriste izletni\u010dke programe kako bi obi\u0161li cijelu dr\u017eavu. Ovo je najbr\u017ei i ujedno najljep\u0161i na\u010din da se planina pove\u017ee s morem, te \u0107e na\u0161i stanovnici, kao i gosti, imati sjajnu privilegiju da u jednom danu udi\u0161u planinski vazduh i u\u017eivaju u \u010darima Jadrana. Turisti za pola sata mogu da stignu od glavnog grada do ski centra u Kola\u0161inu. Izgradnja auto-puta predstavlja prekretnicu u razvoju crnogorskog turizma, kako za saobra\u0107ajno i privredno povezivanje tako i za intenzivni ekonomski razvoj Crne Gore i regiona.\t\t\t\t\t\t\t\t<\/div>\n\t\t\t\t<\/div>\n\t\t\t\t\t<\/div>\n\t\t<\/div>\n\t\t\t\t<div class=\"elementor-column elementor-col-50 elementor-top-column elementor-element elementor-element-b96d6b0\" data-id=\"b96d6b0\" data-element_type=\"column\">\n\t\t\t<div class=\"elementor-widget-wrap elementor-element-populated\">\n\t\t\t\t\t\t<div class=\"elementor-element elementor-element-dae09ed elementor-widget elementor-widget-image\" data-id=\"dae09ed\" data-element_type=\"widget\" data-widget_type=\"image.default\">\n\t\t\t\t<div class=\"elementor-widget-container\">\n\t\t\t\t\t\t\t\t\t\t\t\t\t\t\t<img loading=\"lazy\" decoding=\"async\" width=\"1920\" height=\"1280\" src=\"https:\/\/skijalista.me\/wp-content\/uploads\/kolasin.jpg\" class=\"attachment-full size-full wp-image-1741\" alt=\"\" srcset=\"https:\/\/skijalista.me\/wp-content\/uploads\/kolasin.jpg 1920w, https:\/\/skijalista.me\/wp-content\/uploads\/kolasin-600x400.jpg 600w, https:\/\/skijalista.me\/wp-content\/uploads\/kolasin-1024x683.jpg 1024w, https:\/\/skijalista.me\/wp-content\/uploads\/kolasin-768x512.jpg 768w, https:\/\/skijalista.me\/wp-content\/uploads\/kolasin-1536x1024.jpg 1536w\" sizes=\"(max-width: 1920px) 100vw, 1920px\" \/>\t\t\t\t\t\t\t\t\t\t\t\t\t\t\t<\/div>\n\t\t\t\t<\/div>\n\t\t\t\t\t<\/div>\n\t\t<\/div>\n\t\t\t\t\t<\/div>\n\t\t<\/section>\n\t\t\t\t<section class=\"elementor-section elementor-top-section elementor-element elementor-element-883aa9e elementor-section-content-middle elementor-section-boxed elementor-section-height-default elementor-section-height-default\" data-id=\"883aa9e\" data-element_type=\"section\" data-settings=\"{&quot;jet_parallax_layout_list&quot;:[]}\">\n\t\t\t\t\t\t<div class=\"elementor-container elementor-column-gap-wide\">\n\t\t\t\t\t<div class=\"elementor-column elementor-col-50 elementor-top-column elementor-element elementor-element-db5750e\" data-id=\"db5750e\" data-element_type=\"column\">\n\t\t\t<div class=\"elementor-widget-wrap elementor-element-populated\">\n\t\t\t\t\t\t<div class=\"elementor-element elementor-element-5b97700 elementor-widget elementor-widget-image\" data-id=\"5b97700\" data-element_type=\"widget\" data-widget_type=\"image.default\">\n\t\t\t\t<div class=\"elementor-widget-container\">\n\t\t\t\t\t\t\t\t\t\t\t\t\t\t\t<img loading=\"lazy\" decoding=\"async\" width=\"1920\" height=\"1280\" src=\"https:\/\/skijalista.me\/wp-content\/uploads\/BG4_9217.jpg\" class=\"attachment-full size-full wp-image-1703\" alt=\"\" srcset=\"https:\/\/skijalista.me\/wp-content\/uploads\/BG4_9217.jpg 1920w, https:\/\/skijalista.me\/wp-content\/uploads\/BG4_9217-600x400.jpg 600w, https:\/\/skijalista.me\/wp-content\/uploads\/BG4_9217-1024x683.jpg 1024w, https:\/\/skijalista.me\/wp-content\/uploads\/BG4_9217-768x512.jpg 768w, https:\/\/skijalista.me\/wp-content\/uploads\/BG4_9217-1536x1024.jpg 1536w\" sizes=\"(max-width: 1920px) 100vw, 1920px\" \/>\t\t\t\t\t\t\t\t\t\t\t\t\t\t\t<\/div>\n\t\t\t\t<\/div>\n\t\t\t\t\t<\/div>\n\t\t<\/div>\n\t\t\t\t<div class=\"elementor-column elementor-col-50 elementor-top-column elementor-element elementor-element-706fc18\" data-id=\"706fc18\" data-element_type=\"column\">\n\t\t\t<div class=\"elementor-widget-wrap elementor-element-populated\">\n\t\t\t\t\t\t<div class=\"elementor-element elementor-element-b1daab1 elementor-widget elementor-widget-heading\" data-id=\"b1daab1\" data-element_type=\"widget\" data-widget_type=\"heading.default\">\n\t\t\t\t<div class=\"elementor-widget-container\">\n\t\t\t\t\t<h4 class=\"elementor-heading-title elementor-size-default\">Bu\u0111enje sjevera<\/h4>\t\t\t\t<\/div>\n\t\t\t\t<\/div>\n\t\t\t\t<div class=\"elementor-element elementor-element-1745c93 elementor-widget elementor-widget-text-editor\" data-id=\"1745c93\" data-element_type=\"widget\" data-widget_type=\"text-editor.default\">\n\t\t\t\t<div class=\"elementor-widget-container\">\n\t\t\t\t\t\t\t\t\tCrnogorski preduzetnici sa sjevera ve\u0107 prepoznaju budu\u0107e benefite, pa je zabilje\u017een rast broja smje\u0161tajnih kapaciteta i pove\u0107anje kompletne turisti\u010dke sadr\u017eajne ponude.\t\t\t\t\t\t\t\t<\/div>\n\t\t\t\t<\/div>\n\t\t\t\t\t<\/div>\n\t\t<\/div>\n\t\t\t\t\t<\/div>\n\t\t<\/section>\n\t\t\t\t<\/div>\n\t\t","protected":false},"excerpt":{"rendered":"<p>&#8220;Skijali\u0161ta Crne Gore&#8221; je kompanija osnovana za upravljanje skijali\u0161tima: Kola\u0161in 1600, koje je ve\u0107 izgra\u0111eno, ski centrima Cmilja\u010da, \u017darski \u010dija je izgradnja u toku, a zatim i ski centrima koji \u0107e se tek graditi: Torine, Jelovica, planinskim centrom Komovi i Eko-avanturisti\u010dkim parkom Komovi. Generalni koncept razvoja Skijali\u0161ta Crne Gore ogleda se u valorizaciji postoje\u0107ih aktivnih [&hellip;]<\/p>\n","protected":false},"author":1,"featured_media":0,"parent":0,"menu_order":0,"comment_status":"closed","ping_status":"closed","template":"elementor_header_footer","meta":{"_acf_changed":false,"_seopress_robots_primary_cat":"","_seopress_titles_title":"","_seopress_titles_desc":"","_seopress_robots_index":"","footnotes":""},"class_list":["post-2039","page","type-page","status-publish","hentry"],"acf":[],"_links":{"self":[{"href":"https:\/\/skijalista.me\/me\/wp-json\/wp\/v2\/pages\/2039","targetHints":{"allow":["GET"]}}],"collection":[{"href":"https:\/\/skijalista.me\/me\/wp-json\/wp\/v2\/pages"}],"about":[{"href":"https:\/\/skijalista.me\/me\/wp-json\/wp\/v2\/types\/page"}],"author":[{"embeddable":true,"href":"https:\/\/skijalista.me\/me\/wp-json\/wp\/v2\/users\/1"}],"replies":[{"embeddable":true,"href":"https:\/\/skijalista.me\/me\/wp-json\/wp\/v2\/comments?post=2039"}],"version-history":[{"count":4,"href":"https:\/\/skijalista.me\/me\/wp-json\/wp\/v2\/pages\/2039\/revisions"}],"predecessor-version":[{"id":4542,"href":"https:\/\/skijalista.me\/me\/wp-json\/wp\/v2\/pages\/2039\/revisions\/4542"}],"wp:attachment":[{"href":"https:\/\/skijalista.me\/me\/wp-json\/wp\/v2\/media?parent=2039"}],"curies":[{"name":"wp","href":"https:\/\/api.w.org\/{rel}","templated":true}]}}