{"id":2375,"date":"2022-05-11T13:08:39","date_gmt":"2022-05-11T11:08:39","guid":{"rendered":"https:\/\/skijalista.me\/aktivnosti\/hiking\/"},"modified":"2022-06-13T07:43:19","modified_gmt":"2022-06-13T05:43:19","slug":"hiking","status":"publish","type":"page","link":"https:\/\/skijalista.me\/me\/aktivnosti\/hiking\/","title":{"rendered":"Hiking"},"content":{"rendered":"\t\t<div data-elementor-type=\"wp-page\" data-elementor-id=\"2375\" class=\"elementor elementor-2375 elementor-2271\">\n\t\t\t\t\t\t<section class=\"elementor-section elementor-top-section elementor-element elementor-element-4722115 elementor-section-height-min-height elementor-section-items-bottom elementor-section-boxed elementor-section-height-default\" data-id=\"4722115\" data-element_type=\"section\" data-settings=\"{&quot;background_background&quot;:&quot;classic&quot;,&quot;jet_parallax_layout_list&quot;:[]}\">\n\t\t\t\t\t\t\t<div class=\"elementor-background-overlay\"><\/div>\n\t\t\t\t\t\t\t<div class=\"elementor-container elementor-column-gap-wide\">\n\t\t\t\t\t<div class=\"elementor-column elementor-col-100 elementor-top-column elementor-element elementor-element-a0cc929\" data-id=\"a0cc929\" data-element_type=\"column\">\n\t\t\t<div class=\"elementor-widget-wrap elementor-element-populated\">\n\t\t\t\t\t\t<div class=\"elementor-element elementor-element-2a8f5cb elementor-widget elementor-widget-heading\" data-id=\"2a8f5cb\" data-element_type=\"widget\" data-widget_type=\"heading.default\">\n\t\t\t\t<div class=\"elementor-widget-container\">\n\t\t\t\t\t<h1 class=\"elementor-heading-title elementor-size-default\">HIKING \u2013 o\u010di u o\u010di sa prirodom<\/h1>\t\t\t\t<\/div>\n\t\t\t\t<\/div>\n\t\t\t\t\t<\/div>\n\t\t<\/div>\n\t\t\t\t\t<\/div>\n\t\t<\/section>\n\t\t\t\t<section class=\"elementor-section elementor-top-section elementor-element elementor-element-933b08b elementor-section-boxed elementor-section-height-default elementor-section-height-default\" data-id=\"933b08b\" data-element_type=\"section\" data-settings=\"{&quot;jet_parallax_layout_list&quot;:[]}\">\n\t\t\t\t\t\t<div class=\"elementor-container elementor-column-gap-wide\">\n\t\t\t\t\t<div class=\"elementor-column elementor-col-100 elementor-top-column elementor-element elementor-element-09e0ba5\" data-id=\"09e0ba5\" data-element_type=\"column\">\n\t\t\t<div class=\"elementor-widget-wrap elementor-element-populated\">\n\t\t\t\t\t\t<div class=\"elementor-element elementor-element-10ef02e elementor-widget elementor-widget-text-editor\" data-id=\"10ef02e\" data-element_type=\"widget\" data-widget_type=\"text-editor.default\">\n\t\t\t\t<div class=\"elementor-widget-container\">\n\t\t\t\t\t\t\t\t\tPje\u0161a\u010dke, planinarske staze i istorijski trgova\u010dki putevi postali su dio nacionalne mre\u017ee planinskih staza u du\u017eini od 3.000 kilometara. Do mnogih turisti\u010dkih atrakcija i lokacija u Crnoj Gori mo\u017ee se do\u0107i markiranim i sre\u0111enim stazama. Va\u0161e je samo da odaberete lokaciju, a na\u0161e da vas vodimo u nezaboravno iskustvo planinarenja, prilago\u0111eno va\u0161oj fizi\u010dkoj spremnosti, kroz nepregledne ljepote crnogorskih planina koje \u0107e vas prijateljski do\u010dekati. Na taj na\u010din \u0107ete najli\u010dnije i najbliskije upoznati planine. Bjelasica je planina stvorena za hiking. U zavisnosti od va\u0161e kondicije, \u017eelja i vremena koje odvojite za ovu planinu, imate mogu\u0107nost da pje\u0161a\u010denjem obi\u0111ete skoro cijeli planinski masiv. Mre\u017ea markiranih staza i lijepih planinarskih tura vodi preko pitomih visoravni do vrhova \u0161to ovu oblast \u010dini idealnim podru\u010djem za sve ljubitelje pje\u0161a\u010dkih tura, ali i za porodi\u010dno planinarenje.\t\t\t\t\t\t\t\t<\/div>\n\t\t\t\t<\/div>\n\t\t\t\t<div class=\"elementor-element elementor-element-3f5fb43 elementor-widget elementor-widget-gallery\" data-id=\"3f5fb43\" data-element_type=\"widget\" data-settings=\"{&quot;columns_mobile&quot;:2,&quot;lazyload&quot;:&quot;yes&quot;,&quot;gallery_layout&quot;:&quot;grid&quot;,&quot;columns&quot;:4,&quot;columns_tablet&quot;:2,&quot;gap&quot;:{&quot;unit&quot;:&quot;px&quot;,&quot;size&quot;:10,&quot;sizes&quot;:[]},&quot;gap_tablet&quot;:{&quot;unit&quot;:&quot;px&quot;,&quot;size&quot;:10,&quot;sizes&quot;:[]},&quot;gap_mobile&quot;:{&quot;unit&quot;:&quot;px&quot;,&quot;size&quot;:10,&quot;sizes&quot;:[]},&quot;link_to&quot;:&quot;file&quot;,&quot;aspect_ratio&quot;:&quot;3:2&quot;,&quot;overlay_background&quot;:&quot;yes&quot;,&quot;content_hover_animation&quot;:&quot;fade-in&quot;}\" data-widget_type=\"gallery.default\">\n\t\t\t\t<div class=\"elementor-widget-container\">\n\t\t\t\t\t\t\t<div class=\"elementor-gallery__container\">\n\t\t\t\t\t\t\t<a class=\"e-gallery-item elementor-gallery-item elementor-animated-content\" href=\"https:\/\/skijalista.me\/wp-content\/uploads\/hiking_2.jpg\" data-elementor-open-lightbox=\"yes\" data-elementor-lightbox-slideshow=\"all-3f5fb43\" data-elementor-lightbox-title=\"hiking_2\" data-e-action-hash=\"#elementor-action%3Aaction%3Dlightbox%26settings%3DeyJpZCI6MjU5OSwidXJsIjoiaHR0cHM6XC9cL3NraWphbGlzdGEubWVcL3dwLWNvbnRlbnRcL3VwbG9hZHNcL2hpa2luZ18yLmpwZyIsInNsaWRlc2hvdyI6ImFsbC0zZjVmYjQzIn0%3D\">\n\t\t\t\t\t<div class=\"e-gallery-image elementor-gallery-item__image\" data-thumbnail=\"https:\/\/skijalista.me\/wp-content\/uploads\/hiking_2.jpg\" data-width=\"1920\" data-height=\"1280\" alt=\"\" ><\/div>\n\t\t\t\t\t\t\t\t\t\t\t<div class=\"elementor-gallery-item__overlay\"><\/div>\n\t\t\t\t\t\t\t\t\t\t\t\t\t\t<\/a>\n\t\t\t\t\t\t\t<a class=\"e-gallery-item elementor-gallery-item elementor-animated-content\" href=\"https:\/\/skijalista.me\/wp-content\/uploads\/hiking_3.jpg\" data-elementor-open-lightbox=\"yes\" data-elementor-lightbox-slideshow=\"all-3f5fb43\" data-elementor-lightbox-title=\"hiking_3\" data-e-action-hash=\"#elementor-action%3Aaction%3Dlightbox%26settings%3DeyJpZCI6MjYwMSwidXJsIjoiaHR0cHM6XC9cL3NraWphbGlzdGEubWVcL3dwLWNvbnRlbnRcL3VwbG9hZHNcL2hpa2luZ18zLmpwZyIsInNsaWRlc2hvdyI6ImFsbC0zZjVmYjQzIn0%3D\">\n\t\t\t\t\t<div class=\"e-gallery-image elementor-gallery-item__image\" data-thumbnail=\"https:\/\/skijalista.me\/wp-content\/uploads\/hiking_3.jpg\" data-width=\"1920\" data-height=\"1280\" alt=\"\" ><\/div>\n\t\t\t\t\t\t\t\t\t\t\t<div class=\"elementor-gallery-item__overlay\"><\/div>\n\t\t\t\t\t\t\t\t\t\t\t\t\t\t<\/a>\n\t\t\t\t\t\t\t<a class=\"e-gallery-item elementor-gallery-item elementor-animated-content\" href=\"https:\/\/skijalista.me\/wp-content\/uploads\/hiking_4.jpg\" data-elementor-open-lightbox=\"yes\" data-elementor-lightbox-slideshow=\"all-3f5fb43\" data-elementor-lightbox-title=\"hiking_4\" data-e-action-hash=\"#elementor-action%3Aaction%3Dlightbox%26settings%3DeyJpZCI6MjYwMywidXJsIjoiaHR0cHM6XC9cL3NraWphbGlzdGEubWVcL3dwLWNvbnRlbnRcL3VwbG9hZHNcL2hpa2luZ180LmpwZyIsInNsaWRlc2hvdyI6ImFsbC0zZjVmYjQzIn0%3D\">\n\t\t\t\t\t<div class=\"e-gallery-image elementor-gallery-item__image\" data-thumbnail=\"https:\/\/skijalista.me\/wp-content\/uploads\/hiking_4.jpg\" data-width=\"1920\" data-height=\"1280\" alt=\"\" ><\/div>\n\t\t\t\t\t\t\t\t\t\t\t<div class=\"elementor-gallery-item__overlay\"><\/div>\n\t\t\t\t\t\t\t\t\t\t\t\t\t\t<\/a>\n\t\t\t\t\t\t\t<a class=\"e-gallery-item elementor-gallery-item elementor-animated-content\" href=\"https:\/\/skijalista.me\/wp-content\/uploads\/hiking_5.jpg\" data-elementor-open-lightbox=\"yes\" data-elementor-lightbox-slideshow=\"all-3f5fb43\" data-elementor-lightbox-title=\"hiking_5\" data-e-action-hash=\"#elementor-action%3Aaction%3Dlightbox%26settings%3DeyJpZCI6MjYwNSwidXJsIjoiaHR0cHM6XC9cL3NraWphbGlzdGEubWVcL3dwLWNvbnRlbnRcL3VwbG9hZHNcL2hpa2luZ181LmpwZyIsInNsaWRlc2hvdyI6ImFsbC0zZjVmYjQzIn0%3D\">\n\t\t\t\t\t<div class=\"e-gallery-image elementor-gallery-item__image\" data-thumbnail=\"https:\/\/skijalista.me\/wp-content\/uploads\/hiking_5.jpg\" data-width=\"1920\" data-height=\"1280\" alt=\"\" ><\/div>\n\t\t\t\t\t\t\t\t\t\t\t<div class=\"elementor-gallery-item__overlay\"><\/div>\n\t\t\t\t\t\t\t\t\t\t\t\t\t\t<\/a>\n\t\t\t\t\t<\/div>\n\t\t\t\t\t<\/div>\n\t\t\t\t<\/div>\n\t\t\t\t\t<\/div>\n\t\t<\/div>\n\t\t\t\t\t<\/div>\n\t\t<\/section>\n\t\t\t\t<\/div>\n\t\t","protected":false},"excerpt":{"rendered":"<p>HIKING \u2013 o\u010di u o\u010di sa prirodom Pje\u0161a\u010dke, planinarske staze i istorijski trgova\u010dki putevi postali su dio nacionalne mre\u017ee planinskih staza u du\u017eini od 3.000 kilometara. Do mnogih turisti\u010dkih atrakcija i lokacija u Crnoj Gori mo\u017ee se do\u0107i markiranim i sre\u0111enim stazama. Va\u0161e je samo da odaberete lokaciju, a na\u0161e da vas vodimo u nezaboravno [&hellip;]<\/p>\n","protected":false},"author":1,"featured_media":0,"parent":2034,"menu_order":0,"comment_status":"closed","ping_status":"closed","template":"elementor_header_footer","meta":{"_acf_changed":false,"_seopress_robots_primary_cat":"","_seopress_titles_title":"","_seopress_titles_desc":"","_seopress_robots_index":"","footnotes":""},"class_list":["post-2375","page","type-page","status-publish","hentry"],"acf":[],"_links":{"self":[{"href":"https:\/\/skijalista.me\/me\/wp-json\/wp\/v2\/pages\/2375","targetHints":{"allow":["GET"]}}],"collection":[{"href":"https:\/\/skijalista.me\/me\/wp-json\/wp\/v2\/pages"}],"about":[{"href":"https:\/\/skijalista.me\/me\/wp-json\/wp\/v2\/types\/page"}],"author":[{"embeddable":true,"href":"https:\/\/skijalista.me\/me\/wp-json\/wp\/v2\/users\/1"}],"replies":[{"embeddable":true,"href":"https:\/\/skijalista.me\/me\/wp-json\/wp\/v2\/comments?post=2375"}],"version-history":[{"count":0,"href":"https:\/\/skijalista.me\/me\/wp-json\/wp\/v2\/pages\/2375\/revisions"}],"up":[{"embeddable":true,"href":"https:\/\/skijalista.me\/me\/wp-json\/wp\/v2\/pages\/2034"}],"wp:attachment":[{"href":"https:\/\/skijalista.me\/me\/wp-json\/wp\/v2\/media?parent=2375"}],"curies":[{"name":"wp","href":"https:\/\/api.w.org\/{rel}","templated":true}]}}