{"id":2377,"date":"2022-05-11T13:10:08","date_gmt":"2022-05-11T11:10:08","guid":{"rendered":"https:\/\/skijalista.me\/aktivnosti\/biking\/"},"modified":"2022-06-13T07:36:24","modified_gmt":"2022-06-13T05:36:24","slug":"biking","status":"publish","type":"page","link":"https:\/\/skijalista.me\/me\/aktivnosti\/biking\/","title":{"rendered":"Biking"},"content":{"rendered":"\t\t<div data-elementor-type=\"wp-page\" data-elementor-id=\"2377\" class=\"elementor elementor-2377 elementor-2281\">\n\t\t\t\t\t\t<section class=\"elementor-section elementor-top-section elementor-element elementor-element-e1da701 elementor-section-height-min-height elementor-section-items-bottom elementor-section-boxed elementor-section-height-default\" data-id=\"e1da701\" data-element_type=\"section\" data-settings=\"{&quot;background_background&quot;:&quot;classic&quot;,&quot;jet_parallax_layout_list&quot;:[]}\">\n\t\t\t\t\t\t\t<div class=\"elementor-background-overlay\"><\/div>\n\t\t\t\t\t\t\t<div class=\"elementor-container elementor-column-gap-wide\">\n\t\t\t\t\t<div class=\"elementor-column elementor-col-100 elementor-top-column elementor-element elementor-element-d9e8dc2\" data-id=\"d9e8dc2\" data-element_type=\"column\">\n\t\t\t<div class=\"elementor-widget-wrap elementor-element-populated\">\n\t\t\t\t\t\t<div class=\"elementor-element elementor-element-242e148 elementor-widget elementor-widget-heading\" data-id=\"242e148\" data-element_type=\"widget\" data-widget_type=\"heading.default\">\n\t\t\t\t<div class=\"elementor-widget-container\">\n\t\t\t\t\t<h1 class=\"elementor-heading-title elementor-size-default\">BIKING \u2013 crnogorskim planinama na dva to\u010dka <\/h1>\t\t\t\t<\/div>\n\t\t\t\t<\/div>\n\t\t\t\t\t<\/div>\n\t\t<\/div>\n\t\t\t\t\t<\/div>\n\t\t<\/section>\n\t\t\t\t<section class=\"elementor-section elementor-top-section elementor-element elementor-element-83b9ae6 elementor-section-content-middle elementor-section-boxed elementor-section-height-default elementor-section-height-default\" data-id=\"83b9ae6\" data-element_type=\"section\" data-settings=\"{&quot;jet_parallax_layout_list&quot;:[]}\">\n\t\t\t\t\t\t<div class=\"elementor-container elementor-column-gap-wide\">\n\t\t\t\t\t<div class=\"elementor-column elementor-col-50 elementor-top-column elementor-element elementor-element-e6fdf4a\" data-id=\"e6fdf4a\" data-element_type=\"column\">\n\t\t\t<div class=\"elementor-widget-wrap elementor-element-populated\">\n\t\t\t\t\t\t<div class=\"elementor-element elementor-element-218433e elementor-widget elementor-widget-text-editor\" data-id=\"218433e\" data-element_type=\"widget\" data-widget_type=\"text-editor.default\">\n\t\t\t\t<div class=\"elementor-widget-container\">\n\t\t\t\t\t\t\t\t\tBiciklisti\u010dki odmor na sjeveru Crne Gore pru\u017ea sjajnu avanturu kroz netaknute prirodne pejza\u017ee. Crna Gora ima izvanredne geografske morfolo\u0161ke raznovrsnosti na malom prostoru, toliko pogodne za biking da je mogu\u0107e vi\u0161ednevnom vo\u017enjom na biciklu obi\u0107i cijelu zemlju, i svrstava se me\u0111u najatraktivnije biciklisti\u010dke destinacije u Evropi. Padine su u rasponu koji omogu\u0107ava da se sportsko-rekreativne aktivnosti odvijaju u tri nivoa: od 1.000 do 1.500 metara nadmorske visine, do 2.000 i iznad toga do 2.372 metra. Bicikl se mo\u017ee voziti na visini od 1.500 do 1.800 metara!\r\n\r\nStaze su kategorisane kao nacionalne, regionalne i lokalne, ali mo\u017eete odabrati i panoramske puteve i kulturne rute. Popnite se biciklom na travnata zelena brda sa kojih se pru\u017ea magi\u010dan pogled u daljinu. Vozite se kroz \u0161umu Biogradske gore i krivudavim puteljcima pored jezera. Uputite se kroz planinsku unutra\u0161njost, kroz sela i katune, svratite u seoske konobe i doma\u0107instva na okrepljenje\u2026\t\t\t\t\t\t\t\t<\/div>\n\t\t\t\t<\/div>\n\t\t\t\t\t<\/div>\n\t\t<\/div>\n\t\t\t\t<div class=\"elementor-column elementor-col-50 elementor-top-column elementor-element elementor-element-6c7662d\" data-id=\"6c7662d\" data-element_type=\"column\">\n\t\t\t<div class=\"elementor-widget-wrap elementor-element-populated\">\n\t\t\t\t\t\t<div class=\"elementor-element elementor-element-82fbe26 elementor-widget elementor-widget-image\" data-id=\"82fbe26\" data-element_type=\"widget\" data-widget_type=\"image.default\">\n\t\t\t\t<div class=\"elementor-widget-container\">\n\t\t\t\t\t\t\t\t\t\t\t\t\t\t\t<img fetchpriority=\"high\" decoding=\"async\" width=\"1920\" height=\"1280\" src=\"https:\/\/skijalista.me\/wp-content\/uploads\/biking-1.jpg\" class=\"attachment-full size-full wp-image-2592\" alt=\"\" srcset=\"https:\/\/skijalista.me\/wp-content\/uploads\/biking-1.jpg 1920w, https:\/\/skijalista.me\/wp-content\/uploads\/biking-1-600x400.jpg 600w, https:\/\/skijalista.me\/wp-content\/uploads\/biking-1-1024x683.jpg 1024w, https:\/\/skijalista.me\/wp-content\/uploads\/biking-1-768x512.jpg 768w, https:\/\/skijalista.me\/wp-content\/uploads\/biking-1-1536x1024.jpg 1536w\" sizes=\"(max-width: 1920px) 100vw, 1920px\" \/>\t\t\t\t\t\t\t\t\t\t\t\t\t\t\t<\/div>\n\t\t\t\t<\/div>\n\t\t\t\t\t<\/div>\n\t\t<\/div>\n\t\t\t\t\t<\/div>\n\t\t<\/section>\n\t\t\t\t<\/div>\n\t\t","protected":false},"excerpt":{"rendered":"<p>BIKING \u2013 crnogorskim planinama na dva to\u010dka Biciklisti\u010dki odmor na sjeveru Crne Gore pru\u017ea sjajnu avanturu kroz netaknute prirodne pejza\u017ee. Crna Gora ima izvanredne geografske morfolo\u0161ke raznovrsnosti na malom prostoru, toliko pogodne za biking da je mogu\u0107e vi\u0161ednevnom vo\u017enjom na biciklu obi\u0107i cijelu zemlju, i svrstava se me\u0111u najatraktivnije biciklisti\u010dke destinacije u Evropi. Padine su [&hellip;]<\/p>\n","protected":false},"author":1,"featured_media":0,"parent":2034,"menu_order":0,"comment_status":"closed","ping_status":"closed","template":"elementor_header_footer","meta":{"_acf_changed":false,"_seopress_robots_primary_cat":"","_seopress_titles_title":"","_seopress_titles_desc":"","_seopress_robots_index":"","footnotes":""},"class_list":["post-2377","page","type-page","status-publish","hentry"],"acf":[],"_links":{"self":[{"href":"https:\/\/skijalista.me\/me\/wp-json\/wp\/v2\/pages\/2377","targetHints":{"allow":["GET"]}}],"collection":[{"href":"https:\/\/skijalista.me\/me\/wp-json\/wp\/v2\/pages"}],"about":[{"href":"https:\/\/skijalista.me\/me\/wp-json\/wp\/v2\/types\/page"}],"author":[{"embeddable":true,"href":"https:\/\/skijalista.me\/me\/wp-json\/wp\/v2\/users\/1"}],"replies":[{"embeddable":true,"href":"https:\/\/skijalista.me\/me\/wp-json\/wp\/v2\/comments?post=2377"}],"version-history":[{"count":0,"href":"https:\/\/skijalista.me\/me\/wp-json\/wp\/v2\/pages\/2377\/revisions"}],"up":[{"embeddable":true,"href":"https:\/\/skijalista.me\/me\/wp-json\/wp\/v2\/pages\/2034"}],"wp:attachment":[{"href":"https:\/\/skijalista.me\/me\/wp-json\/wp\/v2\/media?parent=2377"}],"curies":[{"name":"wp","href":"https:\/\/api.w.org\/{rel}","templated":true}]}}