{"id":2383,"date":"2022-05-11T13:11:57","date_gmt":"2022-05-11T11:11:57","guid":{"rendered":"https:\/\/skijalista.me\/aktivnosti\/horse-riding\/"},"modified":"2022-05-11T13:39:14","modified_gmt":"2022-05-11T11:39:14","slug":"horse-riding","status":"publish","type":"page","link":"https:\/\/skijalista.me\/me\/aktivnosti\/horse-riding\/","title":{"rendered":"Horse riding"},"content":{"rendered":"\t\t<div data-elementor-type=\"wp-page\" data-elementor-id=\"2383\" class=\"elementor elementor-2383 elementor-2291\">\n\t\t\t\t\t\t<section class=\"elementor-section elementor-top-section elementor-element elementor-element-a59f164 elementor-section-height-min-height elementor-section-items-bottom elementor-section-boxed elementor-section-height-default\" data-id=\"a59f164\" data-element_type=\"section\" data-settings=\"{&quot;background_background&quot;:&quot;classic&quot;,&quot;jet_parallax_layout_list&quot;:[]}\">\n\t\t\t\t\t\t\t<div class=\"elementor-background-overlay\"><\/div>\n\t\t\t\t\t\t\t<div class=\"elementor-container elementor-column-gap-wide\">\n\t\t\t\t\t<div class=\"elementor-column elementor-col-100 elementor-top-column elementor-element elementor-element-e269a7c\" data-id=\"e269a7c\" data-element_type=\"column\">\n\t\t\t<div class=\"elementor-widget-wrap elementor-element-populated\">\n\t\t\t\t\t\t<div class=\"elementor-element elementor-element-d719730 elementor-widget elementor-widget-heading\" data-id=\"d719730\" data-element_type=\"widget\" data-widget_type=\"heading.default\">\n\t\t\t\t<div class=\"elementor-widget-container\">\n\t\t\t\t\t<h1 class=\"elementor-heading-title elementor-size-default\">Horse riding \u2013 tempom kucanja srca <\/h1>\t\t\t\t<\/div>\n\t\t\t\t<\/div>\n\t\t\t\t\t<\/div>\n\t\t<\/div>\n\t\t\t\t\t<\/div>\n\t\t<\/section>\n\t\t\t\t<section class=\"elementor-section elementor-top-section elementor-element elementor-element-876d3d8 elementor-section-boxed elementor-section-height-default elementor-section-height-default\" data-id=\"876d3d8\" data-element_type=\"section\" data-settings=\"{&quot;jet_parallax_layout_list&quot;:[]}\">\n\t\t\t\t\t\t<div class=\"elementor-container elementor-column-gap-wide\">\n\t\t\t\t\t<div class=\"elementor-column elementor-col-100 elementor-top-column elementor-element elementor-element-bebcb35\" data-id=\"bebcb35\" data-element_type=\"column\">\n\t\t\t<div class=\"elementor-widget-wrap elementor-element-populated\">\n\t\t\t\t\t\t<div class=\"elementor-element elementor-element-f15b0b5 elementor-widget elementor-widget-text-editor\" data-id=\"f15b0b5\" data-element_type=\"widget\" data-widget_type=\"text-editor.default\">\n\t\t\t\t<div class=\"elementor-widget-container\">\n\t\t\t\t\t\t\t\t\tKrenite s nama kroz najljep\u0161e predjele kuda smo kopita mogu, gdje se \u010duje samo vjetar i tupo udaranje kopita o kamen ili suvu zemlju. Jahanje konja u prirodi neuporediv je osje\u0107aj i do\u017eivljaj sa nekim drugim oblicima aktivnog odmora u prirodi, ne samo zato jer je dimenzija sagledavanja prirode iz sedla specifi\u010dna, ve\u0107 zbog ostvarivanja povezanosti sa ovom plemenitom \u017eivotinjom. Fenomenalan je taj osje\u0107aj slobode tokom jahanja kroz krajolik, ali i osje\u0107aj zahvalnosti koji se ra\u0111a u vama. Osedlajte konja i krenite u pustolovine po prelijepim bjelasi\u010dkim predjelima. Ima\u0107ete mogu\u0107nost da se zaustavite na bilo kojoj ta\u010dki koja vam se dopadne i napravite predivne fotografije prirode Bjelasice. To su uspomene koje \u0107ete \u017eeljeti opet da stvarate i do\u017eivite. Pauza za ru\u010dak mo\u017ee biti na livadskom stolnjaku, piknik kakav nijeste do\u017eivjeli. Odmorite, usporite, u\u017eivajte u \u010darima Bjelasice na najljep\u0161i na\u010din.\t\t\t\t\t\t\t\t<\/div>\n\t\t\t\t<\/div>\n\t\t\t\t\t<\/div>\n\t\t<\/div>\n\t\t\t\t\t<\/div>\n\t\t<\/section>\n\t\t\t\t<\/div>\n\t\t","protected":false},"excerpt":{"rendered":"<p>Horse riding \u2013 tempom kucanja srca Krenite s nama kroz najljep\u0161e predjele kuda smo kopita mogu, gdje se \u010duje samo vjetar i tupo udaranje kopita o kamen ili suvu zemlju. Jahanje konja u prirodi neuporediv je osje\u0107aj i do\u017eivljaj sa nekim drugim oblicima aktivnog odmora u prirodi, ne samo zato jer je dimenzija sagledavanja prirode [&hellip;]<\/p>\n","protected":false},"author":1,"featured_media":0,"parent":2034,"menu_order":0,"comment_status":"closed","ping_status":"closed","template":"elementor_header_footer","meta":{"_acf_changed":false,"_seopress_robots_primary_cat":"","_seopress_titles_title":"","_seopress_titles_desc":"","_seopress_robots_index":"","footnotes":""},"class_list":["post-2383","page","type-page","status-publish","hentry"],"acf":[],"_links":{"self":[{"href":"https:\/\/skijalista.me\/me\/wp-json\/wp\/v2\/pages\/2383","targetHints":{"allow":["GET"]}}],"collection":[{"href":"https:\/\/skijalista.me\/me\/wp-json\/wp\/v2\/pages"}],"about":[{"href":"https:\/\/skijalista.me\/me\/wp-json\/wp\/v2\/types\/page"}],"author":[{"embeddable":true,"href":"https:\/\/skijalista.me\/me\/wp-json\/wp\/v2\/users\/1"}],"replies":[{"embeddable":true,"href":"https:\/\/skijalista.me\/me\/wp-json\/wp\/v2\/comments?post=2383"}],"version-history":[{"count":0,"href":"https:\/\/skijalista.me\/me\/wp-json\/wp\/v2\/pages\/2383\/revisions"}],"up":[{"embeddable":true,"href":"https:\/\/skijalista.me\/me\/wp-json\/wp\/v2\/pages\/2034"}],"wp:attachment":[{"href":"https:\/\/skijalista.me\/me\/wp-json\/wp\/v2\/media?parent=2383"}],"curies":[{"name":"wp","href":"https:\/\/api.w.org\/{rel}","templated":true}]}}