{"id":2390,"date":"2022-05-11T13:13:24","date_gmt":"2022-05-11T11:13:24","guid":{"rendered":"https:\/\/skijalista.me\/aktivnosti\/jeep-safari\/"},"modified":"2022-06-13T07:43:00","modified_gmt":"2022-06-13T05:43:00","slug":"jeep-safari","status":"publish","type":"page","link":"https:\/\/skijalista.me\/me\/aktivnosti\/jeep-safari\/","title":{"rendered":"Jeep Safari"},"content":{"rendered":"\t\t<div data-elementor-type=\"wp-page\" data-elementor-id=\"2390\" class=\"elementor elementor-2390 elementor-2301\">\n\t\t\t\t\t\t<section class=\"elementor-section elementor-top-section elementor-element elementor-element-e8408bd elementor-section-height-min-height elementor-section-items-bottom elementor-section-boxed elementor-section-height-default\" data-id=\"e8408bd\" data-element_type=\"section\" data-settings=\"{&quot;background_background&quot;:&quot;classic&quot;,&quot;jet_parallax_layout_list&quot;:[]}\">\n\t\t\t\t\t\t\t<div class=\"elementor-background-overlay\"><\/div>\n\t\t\t\t\t\t\t<div class=\"elementor-container elementor-column-gap-wide\">\n\t\t\t\t\t<div class=\"elementor-column elementor-col-100 elementor-top-column elementor-element elementor-element-69ac36e\" data-id=\"69ac36e\" data-element_type=\"column\">\n\t\t\t<div class=\"elementor-widget-wrap elementor-element-populated\">\n\t\t\t\t\t\t<div class=\"elementor-element elementor-element-a077972 elementor-widget elementor-widget-heading\" data-id=\"a077972\" data-element_type=\"widget\" data-widget_type=\"heading.default\">\n\t\t\t\t<div class=\"elementor-widget-container\">\n\t\t\t\t\t<h1 class=\"elementor-heading-title elementor-size-default\">Jeep safari \u2013 vo\u017enje kroz filmsku scenografiju<\/h1>\t\t\t\t<\/div>\n\t\t\t\t<\/div>\n\t\t\t\t\t<\/div>\n\t\t<\/div>\n\t\t\t\t\t<\/div>\n\t\t<\/section>\n\t\t\t\t<section class=\"elementor-section elementor-top-section elementor-element elementor-element-556aa2a elementor-section-content-middle elementor-section-boxed elementor-section-height-default elementor-section-height-default\" data-id=\"556aa2a\" data-element_type=\"section\" data-settings=\"{&quot;jet_parallax_layout_list&quot;:[]}\">\n\t\t\t\t\t\t<div class=\"elementor-container elementor-column-gap-wide\">\n\t\t\t\t\t<div class=\"elementor-column elementor-col-50 elementor-top-column elementor-element elementor-element-32fa391\" data-id=\"32fa391\" data-element_type=\"column\">\n\t\t\t<div class=\"elementor-widget-wrap elementor-element-populated\">\n\t\t\t\t\t\t<div class=\"elementor-element elementor-element-743f5c6 elementor-widget elementor-widget-text-editor\" data-id=\"743f5c6\" data-element_type=\"widget\" data-widget_type=\"text-editor.default\">\n\t\t\t\t<div class=\"elementor-widget-container\">\n\t\t\t\t\t\t\t\t\tJeep safari predstavlja jedinstveno iskustvo i uzbudljivu vo\u017enju terenskim vozilima kroz planinske predjele, izvanredan na\u010din da istra\u017eite fantasti\u010dne krajeve Bjelasice. Terenskim vozilima se vozite i putevima koji su zaboravljeni i nijesu dio standardnih cesti. Adrenalin je iza svake krivine. Teritorija Crne Gore sa oko 1000 km off road-a prete\u017eno u njenom planinskom dijelu idealna je za jeep safari avanture. Raznolikost reljefa, magi\u010dni prizori prirodnih izmjena na maloj razdaljini, vijugavi putevi, makadamski, \u0161umski, preko livada, brda, kroz netaknutu prirodu, autenti\u010dne katune, nenaseljene predjele podsti\u010de radoznalost i adrenalin. Jeep safari preko Bjelasice je atraktivna i dinami\u010dna tura u kojoj se neprekidno smjenjuju razli\u010diti prizori ove pitome planine. Vo\u017enjom preko obronaka planine pravi se nekoliko sporednih izleta s ciljem da se vide predivna jezera Bjelasice: Pe\u0161i\u010da, \u0160i\u0161ko, Ursulova\u010dko. U\u017eivamo u pogledu sa osmatra\u010dnice na visini od 2.000 mnv. Prolazimo i kroz Nacionalni park i pra\u0161umu Biogradska gora i sti\u017eemo i do Biogradskog jezera. Pauze koristimo za okrepljenje, za \u0161etnju, ru\u010dak u seoskom doma\u0107instvu \u2013 u katunu, fotografisanje i u\u017eivanje u pejza\u017eima o\u010daravaju\u0107e prirode.\t\t\t\t\t\t\t\t<\/div>\n\t\t\t\t<\/div>\n\t\t\t\t\t<\/div>\n\t\t<\/div>\n\t\t\t\t<div class=\"elementor-column elementor-col-50 elementor-top-column elementor-element elementor-element-5a67c07\" data-id=\"5a67c07\" data-element_type=\"column\">\n\t\t\t<div class=\"elementor-widget-wrap elementor-element-populated\">\n\t\t\t\t\t\t<div class=\"elementor-element elementor-element-e77344d elementor-widget elementor-widget-image\" data-id=\"e77344d\" data-element_type=\"widget\" data-widget_type=\"image.default\">\n\t\t\t\t<div class=\"elementor-widget-container\">\n\t\t\t\t\t\t\t\t\t\t\t\t\t\t\t<img fetchpriority=\"high\" decoding=\"async\" width=\"1920\" height=\"1280\" src=\"https:\/\/skijalista.me\/wp-content\/uploads\/joope_safari_2.jpg\" class=\"attachment-full size-full wp-image-2596\" alt=\"\" srcset=\"https:\/\/skijalista.me\/wp-content\/uploads\/joope_safari_2.jpg 1920w, https:\/\/skijalista.me\/wp-content\/uploads\/joope_safari_2-600x400.jpg 600w, https:\/\/skijalista.me\/wp-content\/uploads\/joope_safari_2-1024x683.jpg 1024w, https:\/\/skijalista.me\/wp-content\/uploads\/joope_safari_2-768x512.jpg 768w, https:\/\/skijalista.me\/wp-content\/uploads\/joope_safari_2-1536x1024.jpg 1536w\" sizes=\"(max-width: 1920px) 100vw, 1920px\" \/>\t\t\t\t\t\t\t\t\t\t\t\t\t\t\t<\/div>\n\t\t\t\t<\/div>\n\t\t\t\t\t<\/div>\n\t\t<\/div>\n\t\t\t\t\t<\/div>\n\t\t<\/section>\n\t\t\t\t<\/div>\n\t\t","protected":false},"excerpt":{"rendered":"<p>Jeep safari \u2013 vo\u017enje kroz filmsku scenografiju Jeep safari predstavlja jedinstveno iskustvo i uzbudljivu vo\u017enju terenskim vozilima kroz planinske predjele, izvanredan na\u010din da istra\u017eite fantasti\u010dne krajeve Bjelasice. Terenskim vozilima se vozite i putevima koji su zaboravljeni i nijesu dio standardnih cesti. Adrenalin je iza svake krivine. Teritorija Crne Gore sa oko 1000 km off road-a [&hellip;]<\/p>\n","protected":false},"author":1,"featured_media":0,"parent":2034,"menu_order":0,"comment_status":"closed","ping_status":"closed","template":"elementor_header_footer","meta":{"_acf_changed":false,"_seopress_robots_primary_cat":"","_seopress_titles_title":"","_seopress_titles_desc":"","_seopress_robots_index":"","footnotes":""},"class_list":["post-2390","page","type-page","status-publish","hentry"],"acf":[],"_links":{"self":[{"href":"https:\/\/skijalista.me\/me\/wp-json\/wp\/v2\/pages\/2390","targetHints":{"allow":["GET"]}}],"collection":[{"href":"https:\/\/skijalista.me\/me\/wp-json\/wp\/v2\/pages"}],"about":[{"href":"https:\/\/skijalista.me\/me\/wp-json\/wp\/v2\/types\/page"}],"author":[{"embeddable":true,"href":"https:\/\/skijalista.me\/me\/wp-json\/wp\/v2\/users\/1"}],"replies":[{"embeddable":true,"href":"https:\/\/skijalista.me\/me\/wp-json\/wp\/v2\/comments?post=2390"}],"version-history":[{"count":0,"href":"https:\/\/skijalista.me\/me\/wp-json\/wp\/v2\/pages\/2390\/revisions"}],"up":[{"embeddable":true,"href":"https:\/\/skijalista.me\/me\/wp-json\/wp\/v2\/pages\/2034"}],"wp:attachment":[{"href":"https:\/\/skijalista.me\/me\/wp-json\/wp\/v2\/media?parent=2390"}],"curies":[{"name":"wp","href":"https:\/\/api.w.org\/{rel}","templated":true}]}}